{"id":1765,"date":"2024-04-16T13:03:13","date_gmt":"2024-04-16T16:03:13","guid":{"rendered":"https:\/\/dcc.ing.uc.cl\/?page_id=1765"},"modified":"2024-06-07T12:26:59","modified_gmt":"2024-06-07T15:26:59","slug":"centros-de-investigacion-asociados","status":"publish","type":"page","link":"https:\/\/dcc.ing.uc.cl\/?page_id=1765","title":{"rendered":"Centros de Investigaci\u00f3n Asociados"},"content":{"rendered":"\t\t<div data-elementor-type=\"wp-page\" data-elementor-id=\"1765\" class=\"elementor elementor-1765\">\n\t\t\t\t\t\t<section class=\"elementor-section elementor-top-section elementor-element elementor-element-14d0c72 elementor-section-boxed elementor-section-height-default elementor-section-height-default wpr-particle-no wpr-jarallax-no wpr-parallax-no wpr-sticky-section-no wpr-column-slider-no wpr-equal-height-no\" data-id=\"14d0c72\" data-element_type=\"section\" data-e-type=\"section\">\n\t\t\t\t\t\t<div class=\"elementor-container elementor-column-gap-default\">\n\t\t\t\t\t<div class=\"elementor-column elementor-col-100 elementor-top-column elementor-element elementor-element-73595fc\" data-id=\"73595fc\" data-element_type=\"column\" data-e-type=\"column\">\n\t\t\t<div class=\"elementor-widget-wrap elementor-element-populated\">\n\t\t\t\t\t\t<div class=\"elementor-element elementor-element-7440064 elementor-widget elementor-widget-html\" data-id=\"7440064\" data-element_type=\"widget\" data-e-type=\"widget\" data-widget_type=\"html.default\">\n\t\t\t\t<div class=\"elementor-widget-container\">\n\t\t\t\t\t<div class=\"uc-title panel-widget-style panel-widget-style-for-gb1512-64b6f3e32bc2f-0-0-1\"><div class=\"so-widget-sow-editor so-widget-sow-editor-base\">\r\n<div class=\"siteorigin-widget-tinymce textwidget\">\r\n\t<h3>Centros de Investigaci\u00f3n Asociados<\/h3>\r\n<\/div>\t\t\t\t<\/div>\n\t\t\t\t<\/div>\n\t\t\t\t<div class=\"elementor-element elementor-element-77b6b3a elementor-position-top elementor-widget elementor-widget-image-box\" data-id=\"77b6b3a\" data-element_type=\"widget\" data-e-type=\"widget\" data-widget_type=\"image-box.default\">\n\t\t\t\t<div class=\"elementor-widget-container\">\n\t\t\t\t\t<div class=\"elementor-image-box-wrapper\"><figure class=\"elementor-image-box-img\"><a href=\"https:\/\/www.cenia.cl\" target=\"_blank\" tabindex=\"-1\"><img decoding=\"async\" width=\"300\" height=\"90\" src=\"https:\/\/dcc.ing.uc.cl\/wp-content\/uploads\/2024\/04\/logo_cenia.png\" class=\"attachment-full size-full wp-image-1768\" alt=\"\" \/><\/a><\/figure><div class=\"elementor-image-box-content\"><h3 class=\"elementor-image-box-title\"><a href=\"https:\/\/www.cenia.cl\" target=\"_blank\">Centro Nacional de Inteligencia Artificial<\/a><\/h3><p class=\"elementor-image-box-description\">La creciente presencia de la Inteligencia Artificial (IA) en Chile \u2013 reflejado en la existencia de un grupo de destacados cient\u00edficos y una primera generaci\u00f3n de startups dedicadas a la IA en nuestro pa\u00eds- en conjunto con la certeza del rol fundamental que tiene la IA en todas las \u00e1reas del quehacer humano, representan una oportunidad \u00fanica para crear el Centro Nacional de Inteligencia Artificial (CENIA), el que busca impulsar la investigaci\u00f3n y transferencia tecnol\u00f3gica de vanguardia mediante la colaboraci\u00f3n multidisciplinaria, el intercambio de ideas, el fomento del talento y la equidad de g\u00e9nero. Con el fin de convertirse en un pilar para el desarrollo de la IA en Chile y Latinoam\u00e9rica, promoviendo un progreso tecnol\u00f3gico sustentable y \u00e9tico, en armon\u00eda con el medio ambiente y el desarrollo humano.\n<br>\n<br>\n<b>Director:<\/b> \u00c1lvaro Soto<\/p><\/div><\/div>\t\t\t\t<\/div>\n\t\t\t\t<\/div>\n\t\t\t\t<div class=\"elementor-element elementor-element-e46be87 uc-hr my-60 elementor-widget elementor-widget-html\" data-id=\"e46be87\" data-element_type=\"widget\" data-e-type=\"widget\" data-widget_type=\"html.default\">\n\t\t\t\t<div class=\"elementor-widget-container\">\n\t\t\t\t\t<hr>\t\t\t\t<\/div>\n\t\t\t\t<\/div>\n\t\t\t\t<div class=\"elementor-element elementor-element-08a35ff elementor-position-top elementor-widget elementor-widget-image-box\" data-id=\"08a35ff\" data-element_type=\"widget\" data-e-type=\"widget\" data-widget_type=\"image-box.default\">\n\t\t\t\t<div class=\"elementor-widget-container\">\n\t\t\t\t\t<div class=\"elementor-image-box-wrapper\"><figure class=\"elementor-image-box-img\"><a href=\"https:\/\/imfd.cl\" target=\"_blank\" tabindex=\"-1\"><img fetchpriority=\"high\" decoding=\"async\" width=\"880\" height=\"242\" src=\"https:\/\/dcc.ing.uc.cl\/wp-content\/uploads\/2024\/04\/header-logo-es.png\" class=\"attachment-full size-full wp-image-1769\" alt=\"\" srcset=\"https:\/\/dcc.ing.uc.cl\/wp-content\/uploads\/2024\/04\/header-logo-es.png 880w, https:\/\/dcc.ing.uc.cl\/wp-content\/uploads\/2024\/04\/header-logo-es-300x83.png 300w, https:\/\/dcc.ing.uc.cl\/wp-content\/uploads\/2024\/04\/header-logo-es-768x211.png 768w\" sizes=\"(max-width: 880px) 100vw, 880px\" \/><\/a><\/figure><div class=\"elementor-image-box-content\"><h3 class=\"elementor-image-box-title\"><a href=\"https:\/\/imfd.cl\" target=\"_blank\">Instituto Milenio Fundamentos de los Datos<\/a><\/h3><p class=\"elementor-image-box-description\">\u00c9ste es el u\u0301nico centro multidisciplinario en Ame\u0301rica Latina que reu\u0301ne a expertos en ciencia de la computacio\u0301n, matema\u0301ticas y estadi\u0301stica, ciencia poli\u0301tica y comunicaciones, con la meta de hacer investigacio\u0301n de frontera en ciencia de datos y asi\u0301 enfrentar los grandes problemas que existen hoy en este campo.\n<br>\n<br>\n<b>Director:<\/b> Juan Reutter<\/p><\/div><\/div>\t\t\t\t<\/div>\n\t\t\t\t<\/div>\n\t\t\t\t<div class=\"elementor-element elementor-element-f6f51ce uc-hr my-60 elementor-widget elementor-widget-html\" data-id=\"f6f51ce\" data-element_type=\"widget\" data-e-type=\"widget\" data-widget_type=\"html.default\">\n\t\t\t\t<div class=\"elementor-widget-container\">\n\t\t\t\t\t<hr>\t\t\t\t<\/div>\n\t\t\t\t<\/div>\n\t\t\t\t<div class=\"elementor-element elementor-element-dccc635 elementor-position-top elementor-widget elementor-widget-image-box\" data-id=\"dccc635\" data-element_type=\"widget\" data-e-type=\"widget\" data-widget_type=\"image-box.default\">\n\t\t\t\t<div class=\"elementor-widget-container\">\n\t\t\t\t\t<div class=\"elementor-image-box-wrapper\"><figure class=\"elementor-image-box-img\"><a href=\"https:\/\/i-health.cl\" target=\"_blank\" tabindex=\"-1\"><img decoding=\"async\" width=\"285\" height=\"37\" src=\"https:\/\/dcc.ing.uc.cl\/wp-content\/uploads\/2024\/04\/logo-ihealth.png\" class=\"attachment-full size-full wp-image-1770\" alt=\"\" \/><\/a><\/figure><div class=\"elementor-image-box-content\"><h3 class=\"elementor-image-box-title\"><a href=\"https:\/\/i-health.cl\" target=\"_blank\">Instituto Milenio en Ingenier\u00eda e Inteligencia Artificial para la Salud<\/a><\/h3><p class=\"elementor-image-box-description\">Las im\u00e1genes m\u00e9dicas son esenciales para la evaluaci\u00f3n no invasiva de muchas patolog\u00edas; sin embargo, son costosas y a\u00fan no caracterizan completa y objetivamente muchas enfermedades. El objetivo general de este Instituto Milenio es desarrollar m\u00e9todos innovadores que integren la ingenier\u00eda y la inteligencia artificial (IA) para mejorar la atenci\u00f3n en salud basada en im\u00e1genes m\u00e9dicas con el objetivo a largo plazo de que \u00e9sta sea m\u00e1s asequible y accesible a todos los chilenos.\n<br>\n<br>\n<b>Directora:<\/b> Claudia Prieto<\/p><\/div><\/div>\t\t\t\t<\/div>\n\t\t\t\t<\/div>\n\t\t\t\t\t<\/div>\n\t\t<\/div>\n\t\t\t\t\t<\/div>\n\t\t<\/section>\n\t\t\t\t<\/div>\n\t\t","protected":false},"excerpt":{"rendered":"<p>Centros de Investigaci\u00f3n Asociados Centro Nacional de Inteligencia Artificial La creciente presencia de la Inteligencia Artificial (IA) en Chile \u2013 reflejado en la existencia de un grupo de destacados cient\u00edficos y una primera generaci\u00f3n de startups dedicadas a la IA en nuestro pa\u00eds- en conjunto con la certeza del rol fundamental que tiene la IA en todas las \u00e1reas del quehacer humano, representan una oportunidad \u00fanica para crear el Centro Nacional de Inteligencia Artificial (CENIA), el que busca impulsar la investigaci\u00f3n y transferencia tecnol\u00f3gica de vanguardia mediante la colaboraci\u00f3n multidisciplinaria, el intercambio de ideas, el fomento del talento y la equidad de g\u00e9nero. Con el fin de convertirse en un pilar para el desarrollo de la IA en Chile y Latinoam\u00e9rica, promoviendo un progreso tecnol\u00f3gico sustentable y \u00e9tico, en armon\u00eda con el medio ambiente y el desarrollo humano. Director: \u00c1lvaro Soto Instituto Milenio Fundamentos de los Datos \u00c9ste es el u\u0301nico centro multidisciplinario en Ame\u0301rica Latina que reu\u0301ne a expertos en ciencia de la computacio\u0301n, matema\u0301ticas y estadi\u0301stica, ciencia poli\u0301tica y comunicaciones, con la meta de hacer investigacio\u0301n de frontera en ciencia de datos y asi\u0301 enfrentar los grandes problemas que existen hoy en este campo. Director: Juan Reutter Instituto Milenio en Ingenier\u00eda e Inteligencia Artificial para la Salud Las im\u00e1genes m\u00e9dicas son esenciales para la evaluaci\u00f3n no invasiva de muchas patolog\u00edas; sin embargo, son costosas y a\u00fan no caracterizan completa y objetivamente muchas enfermedades. El objetivo general de este Instituto Milenio es desarrollar m\u00e9todos innovadores que integren la ingenier\u00eda y la inteligencia artificial (IA) para mejorar la atenci\u00f3n en salud basada en im\u00e1genes m\u00e9dicas con el objetivo a largo plazo de que \u00e9sta sea m\u00e1s asequible y accesible a todos los chilenos. Directora: Claudia Prieto<\/p>\n","protected":false},"author":4,"featured_media":0,"parent":1653,"menu_order":0,"comment_status":"closed","ping_status":"closed","template":"","meta":{"site-sidebar-layout":"no-sidebar","site-content-layout":"page-builder","ast-site-content-layout":"full-width-container","site-content-style":"default","site-sidebar-style":"default","ast-global-header-display":"","ast-banner-title-visibility":"","ast-main-header-display":"","ast-hfb-above-header-display":"","ast-hfb-below-header-display":"","ast-hfb-mobile-header-display":"","site-post-title":"disabled","ast-breadcrumbs-content":"","ast-featured-img":"disabled","footer-sml-layout":"","ast-disable-related-posts":"","theme-transparent-header-meta":"","adv-header-id-meta":"","stick-header-meta":"","header-above-stick-meta":"","header-main-stick-meta":"","header-below-stick-meta":"","astra-migrate-meta-layouts":"set","ast-page-background-enabled":"default","ast-page-background-meta":{"desktop":{"background-color":"","background-image":"","background-repeat":"repeat","background-position":"center center","background-size":"auto","background-attachment":"scroll","background-type":"","background-media":"","overlay-type":"","overlay-color":"","overlay-opacity":"","overlay-gradient":""},"tablet":{"background-color":"","background-image":"","background-repeat":"repeat","background-position":"center center","background-size":"auto","background-attachment":"scroll","background-type":"","background-media":"","overlay-type":"","overlay-color":"","overlay-opacity":"","overlay-gradient":""},"mobile":{"background-color":"","background-image":"","background-repeat":"repeat","background-position":"center center","background-size":"auto","background-attachment":"scroll","background-type":"","background-media":"","overlay-type":"","overlay-color":"","overlay-opacity":"","overlay-gradient":""}},"ast-content-background-meta":{"desktop":{"background-color":"var(--ast-global-color-5)","background-image":"","background-repeat":"repeat","background-position":"center center","background-size":"auto","background-attachment":"scroll","background-type":"","background-media":"","overlay-type":"","overlay-color":"","overlay-opacity":"","overlay-gradient":""},"tablet":{"background-color":"var(--ast-global-color-5)","background-image":"","background-repeat":"repeat","background-position":"center center","background-size":"auto","background-attachment":"scroll","background-type":"","background-media":"","overlay-type":"","overlay-color":"","overlay-opacity":"","overlay-gradient":""},"mobile":{"background-color":"var(--ast-global-color-5)","background-image":"","background-repeat":"repeat","background-position":"center center","background-size":"auto","background-attachment":"scroll","background-type":"","background-media":"","overlay-type":"","overlay-color":"","overlay-opacity":"","overlay-gradient":""}},"footnotes":""},"class_list":["post-1765","page","type-page","status-publish","hentry"],"yoast_head":"<!-- This site is optimized with the Yoast SEO plugin v27.6 - https:\/\/yoast.com\/product\/yoast-seo-wordpress\/ -->\n<title>Centros de Investigaci\u00f3n Asociados - Departamento de Ciencia de la Computaci\u00f3n<\/title>\n<meta name=\"robots\" content=\"index, follow, max-snippet:-1, max-image-preview:large, max-video-preview:-1\" \/>\n<link rel=\"canonical\" href=\"https:\/\/dcc.ing.uc.cl\/?page_id=1765\" \/>\n<meta property=\"og:locale\" content=\"es_ES\" \/>\n<meta property=\"og:type\" content=\"article\" \/>\n<meta property=\"og:title\" content=\"Centros de Investigaci\u00f3n Asociados - Departamento de Ciencia de la Computaci\u00f3n\" \/>\n<meta property=\"og:description\" content=\"Centros de Investigaci\u00f3n Asociados Centro Nacional de Inteligencia Artificial La creciente presencia de la Inteligencia Artificial (IA) en Chile \u2013 reflejado en la existencia de un grupo de destacados cient\u00edficos y una primera generaci\u00f3n de startups dedicadas a la IA en nuestro pa\u00eds- en conjunto con la certeza del rol fundamental que tiene la IA en todas las \u00e1reas del quehacer humano, representan una oportunidad \u00fanica para crear el Centro Nacional de Inteligencia Artificial (CENIA), el que busca impulsar la investigaci\u00f3n y transferencia tecnol\u00f3gica de vanguardia mediante la colaboraci\u00f3n multidisciplinaria, el intercambio de ideas, el fomento del talento y la equidad de g\u00e9nero. Con el fin de convertirse en un pilar para el desarrollo de la IA en Chile y Latinoam\u00e9rica, promoviendo un progreso tecnol\u00f3gico sustentable y \u00e9tico, en armon\u00eda con el medio ambiente y el desarrollo humano. Director: \u00c1lvaro Soto Instituto Milenio Fundamentos de los Datos \u00c9ste es el u\u0301nico centro multidisciplinario en Ame\u0301rica Latina que reu\u0301ne a expertos en ciencia de la computacio\u0301n, matema\u0301ticas y estadi\u0301stica, ciencia poli\u0301tica y comunicaciones, con la meta de hacer investigacio\u0301n de frontera en ciencia de datos y asi\u0301 enfrentar los grandes problemas que existen hoy en este campo. Director: Juan Reutter Instituto Milenio en Ingenier\u00eda e Inteligencia Artificial para la Salud Las im\u00e1genes m\u00e9dicas son esenciales para la evaluaci\u00f3n no invasiva de muchas patolog\u00edas; sin embargo, son costosas y a\u00fan no caracterizan completa y objetivamente muchas enfermedades. El objetivo general de este Instituto Milenio es desarrollar m\u00e9todos innovadores que integren la ingenier\u00eda y la inteligencia artificial (IA) para mejorar la atenci\u00f3n en salud basada en im\u00e1genes m\u00e9dicas con el objetivo a largo plazo de que \u00e9sta sea m\u00e1s asequible y accesible a todos los chilenos. Directora: Claudia Prieto\" \/>\n<meta property=\"og:url\" content=\"https:\/\/dcc.ing.uc.cl\/?page_id=1765\" \/>\n<meta property=\"og:site_name\" content=\"Departamento de Ciencia de la Computaci\u00f3n\" \/>\n<meta property=\"article:modified_time\" content=\"2024-06-07T15:26:59+00:00\" \/>\n<meta property=\"og:image\" content=\"https:\/\/dcc.ing.uc.cl\/wp-content\/uploads\/2024\/04\/logo_cenia.png\" \/>\n<meta name=\"twitter:card\" content=\"summary_large_image\" \/>\n<meta name=\"twitter:label1\" content=\"Tiempo estimado de lectura\" \/>\n\t<meta name=\"twitter:data1\" content=\"2 minutos\" \/>\n<script type=\"application\/ld+json\" class=\"yoast-schema-graph\">{\"@context\":\"https:\\\/\\\/schema.org\",\"@graph\":[{\"@type\":\"WebPage\",\"@id\":\"https:\\\/\\\/dcc.ing.uc.cl\\\/?page_id=1765\",\"url\":\"https:\\\/\\\/dcc.ing.uc.cl\\\/?page_id=1765\",\"name\":\"Centros de Investigaci\u00f3n Asociados - Departamento de Ciencia de la Computaci\u00f3n\",\"isPartOf\":{\"@id\":\"https:\\\/\\\/dcc.ing.uc.cl\\\/#website\"},\"primaryImageOfPage\":{\"@id\":\"https:\\\/\\\/dcc.ing.uc.cl\\\/?page_id=1765#primaryimage\"},\"image\":{\"@id\":\"https:\\\/\\\/dcc.ing.uc.cl\\\/?page_id=1765#primaryimage\"},\"thumbnailUrl\":\"https:\\\/\\\/dcc.ing.uc.cl\\\/wp-content\\\/uploads\\\/2024\\\/04\\\/logo_cenia.png\",\"datePublished\":\"2024-04-16T16:03:13+00:00\",\"dateModified\":\"2024-06-07T15:26:59+00:00\",\"breadcrumb\":{\"@id\":\"https:\\\/\\\/dcc.ing.uc.cl\\\/?page_id=1765#breadcrumb\"},\"inLanguage\":\"es-CL\",\"potentialAction\":[{\"@type\":\"ReadAction\",\"target\":[\"https:\\\/\\\/dcc.ing.uc.cl\\\/?page_id=1765\"]}]},{\"@type\":\"ImageObject\",\"inLanguage\":\"es-CL\",\"@id\":\"https:\\\/\\\/dcc.ing.uc.cl\\\/?page_id=1765#primaryimage\",\"url\":\"https:\\\/\\\/dcc.ing.uc.cl\\\/wp-content\\\/uploads\\\/2024\\\/04\\\/logo_cenia.png\",\"contentUrl\":\"https:\\\/\\\/dcc.ing.uc.cl\\\/wp-content\\\/uploads\\\/2024\\\/04\\\/logo_cenia.png\",\"width\":300,\"height\":90},{\"@type\":\"BreadcrumbList\",\"@id\":\"https:\\\/\\\/dcc.ing.uc.cl\\\/?page_id=1765#breadcrumb\",\"itemListElement\":[{\"@type\":\"ListItem\",\"position\":1,\"name\":\"Portada\",\"item\":\"https:\\\/\\\/dcc.ing.uc.cl\\\/\"},{\"@type\":\"ListItem\",\"position\":2,\"name\":\"Investigaci\u00f3n\",\"item\":\"https:\\\/\\\/dcc.ing.uc.cl\\\/?page_id=1653\"},{\"@type\":\"ListItem\",\"position\":3,\"name\":\"Centros de Investigaci\u00f3n Asociados\"}]},{\"@type\":\"WebSite\",\"@id\":\"https:\\\/\\\/dcc.ing.uc.cl\\\/#website\",\"url\":\"https:\\\/\\\/dcc.ing.uc.cl\\\/\",\"name\":\"Departamento de Ciencia de la Computaci\u00f3n\",\"description\":\"Escuela de Ingenier\u00eda\",\"publisher\":{\"@id\":\"https:\\\/\\\/dcc.ing.uc.cl\\\/#organization\"},\"potentialAction\":[{\"@type\":\"SearchAction\",\"target\":{\"@type\":\"EntryPoint\",\"urlTemplate\":\"https:\\\/\\\/dcc.ing.uc.cl\\\/?s={search_term_string}\"},\"query-input\":{\"@type\":\"PropertyValueSpecification\",\"valueRequired\":true,\"valueName\":\"search_term_string\"}}],\"inLanguage\":\"es-CL\"},{\"@type\":\"Organization\",\"@id\":\"https:\\\/\\\/dcc.ing.uc.cl\\\/#organization\",\"name\":\"Departamento de Ciencia de la Computaci\u00f3n\",\"url\":\"https:\\\/\\\/dcc.ing.uc.cl\\\/\",\"logo\":{\"@type\":\"ImageObject\",\"inLanguage\":\"es-CL\",\"@id\":\"https:\\\/\\\/dcc.ing.uc.cl\\\/#\\\/schema\\\/logo\\\/image\\\/\",\"url\":\"https:\\\/\\\/dcc.ing.uc.cl\\\/wp-content\\\/uploads\\\/2023\\\/11\\\/cropped-UC-P2727-01.png\",\"contentUrl\":\"https:\\\/\\\/dcc.ing.uc.cl\\\/wp-content\\\/uploads\\\/2023\\\/11\\\/cropped-UC-P2727-01.png\",\"width\":307,\"height\":414,\"caption\":\"Departamento de Ciencia de la Computaci\u00f3n\"},\"image\":{\"@id\":\"https:\\\/\\\/dcc.ing.uc.cl\\\/#\\\/schema\\\/logo\\\/image\\\/\"}}]}<\/script>\n<!-- \/ Yoast SEO plugin. -->","yoast_head_json":{"title":"Centros de Investigaci\u00f3n Asociados - Departamento de Ciencia de la Computaci\u00f3n","robots":{"index":"index","follow":"follow","max-snippet":"max-snippet:-1","max-image-preview":"max-image-preview:large","max-video-preview":"max-video-preview:-1"},"canonical":"https:\/\/dcc.ing.uc.cl\/?page_id=1765","og_locale":"es_ES","og_type":"article","og_title":"Centros de Investigaci\u00f3n Asociados - Departamento de Ciencia de la Computaci\u00f3n","og_description":"Centros de Investigaci\u00f3n Asociados Centro Nacional de Inteligencia Artificial La creciente presencia de la Inteligencia Artificial (IA) en Chile \u2013 reflejado en la existencia de un grupo de destacados cient\u00edficos y una primera generaci\u00f3n de startups dedicadas a la IA en nuestro pa\u00eds- en conjunto con la certeza del rol fundamental que tiene la IA en todas las \u00e1reas del quehacer humano, representan una oportunidad \u00fanica para crear el Centro Nacional de Inteligencia Artificial (CENIA), el que busca impulsar la investigaci\u00f3n y transferencia tecnol\u00f3gica de vanguardia mediante la colaboraci\u00f3n multidisciplinaria, el intercambio de ideas, el fomento del talento y la equidad de g\u00e9nero. Con el fin de convertirse en un pilar para el desarrollo de la IA en Chile y Latinoam\u00e9rica, promoviendo un progreso tecnol\u00f3gico sustentable y \u00e9tico, en armon\u00eda con el medio ambiente y el desarrollo humano. Director: \u00c1lvaro Soto Instituto Milenio Fundamentos de los Datos \u00c9ste es el u\u0301nico centro multidisciplinario en Ame\u0301rica Latina que reu\u0301ne a expertos en ciencia de la computacio\u0301n, matema\u0301ticas y estadi\u0301stica, ciencia poli\u0301tica y comunicaciones, con la meta de hacer investigacio\u0301n de frontera en ciencia de datos y asi\u0301 enfrentar los grandes problemas que existen hoy en este campo. Director: Juan Reutter Instituto Milenio en Ingenier\u00eda e Inteligencia Artificial para la Salud Las im\u00e1genes m\u00e9dicas son esenciales para la evaluaci\u00f3n no invasiva de muchas patolog\u00edas; sin embargo, son costosas y a\u00fan no caracterizan completa y objetivamente muchas enfermedades. El objetivo general de este Instituto Milenio es desarrollar m\u00e9todos innovadores que integren la ingenier\u00eda y la inteligencia artificial (IA) para mejorar la atenci\u00f3n en salud basada en im\u00e1genes m\u00e9dicas con el objetivo a largo plazo de que \u00e9sta sea m\u00e1s asequible y accesible a todos los chilenos. Directora: Claudia Prieto","og_url":"https:\/\/dcc.ing.uc.cl\/?page_id=1765","og_site_name":"Departamento de Ciencia de la Computaci\u00f3n","article_modified_time":"2024-06-07T15:26:59+00:00","og_image":[{"url":"https:\/\/dcc.ing.uc.cl\/wp-content\/uploads\/2024\/04\/logo_cenia.png","type":"","width":"","height":""}],"twitter_card":"summary_large_image","twitter_misc":{"Tiempo estimado de lectura":"2 minutos"},"schema":{"@context":"https:\/\/schema.org","@graph":[{"@type":"WebPage","@id":"https:\/\/dcc.ing.uc.cl\/?page_id=1765","url":"https:\/\/dcc.ing.uc.cl\/?page_id=1765","name":"Centros de Investigaci\u00f3n Asociados - Departamento de Ciencia de la Computaci\u00f3n","isPartOf":{"@id":"https:\/\/dcc.ing.uc.cl\/#website"},"primaryImageOfPage":{"@id":"https:\/\/dcc.ing.uc.cl\/?page_id=1765#primaryimage"},"image":{"@id":"https:\/\/dcc.ing.uc.cl\/?page_id=1765#primaryimage"},"thumbnailUrl":"https:\/\/dcc.ing.uc.cl\/wp-content\/uploads\/2024\/04\/logo_cenia.png","datePublished":"2024-04-16T16:03:13+00:00","dateModified":"2024-06-07T15:26:59+00:00","breadcrumb":{"@id":"https:\/\/dcc.ing.uc.cl\/?page_id=1765#breadcrumb"},"inLanguage":"es-CL","potentialAction":[{"@type":"ReadAction","target":["https:\/\/dcc.ing.uc.cl\/?page_id=1765"]}]},{"@type":"ImageObject","inLanguage":"es-CL","@id":"https:\/\/dcc.ing.uc.cl\/?page_id=1765#primaryimage","url":"https:\/\/dcc.ing.uc.cl\/wp-content\/uploads\/2024\/04\/logo_cenia.png","contentUrl":"https:\/\/dcc.ing.uc.cl\/wp-content\/uploads\/2024\/04\/logo_cenia.png","width":300,"height":90},{"@type":"BreadcrumbList","@id":"https:\/\/dcc.ing.uc.cl\/?page_id=1765#breadcrumb","itemListElement":[{"@type":"ListItem","position":1,"name":"Portada","item":"https:\/\/dcc.ing.uc.cl\/"},{"@type":"ListItem","position":2,"name":"Investigaci\u00f3n","item":"https:\/\/dcc.ing.uc.cl\/?page_id=1653"},{"@type":"ListItem","position":3,"name":"Centros de Investigaci\u00f3n Asociados"}]},{"@type":"WebSite","@id":"https:\/\/dcc.ing.uc.cl\/#website","url":"https:\/\/dcc.ing.uc.cl\/","name":"Departamento de Ciencia de la Computaci\u00f3n","description":"Escuela de Ingenier\u00eda","publisher":{"@id":"https:\/\/dcc.ing.uc.cl\/#organization"},"potentialAction":[{"@type":"SearchAction","target":{"@type":"EntryPoint","urlTemplate":"https:\/\/dcc.ing.uc.cl\/?s={search_term_string}"},"query-input":{"@type":"PropertyValueSpecification","valueRequired":true,"valueName":"search_term_string"}}],"inLanguage":"es-CL"},{"@type":"Organization","@id":"https:\/\/dcc.ing.uc.cl\/#organization","name":"Departamento de Ciencia de la Computaci\u00f3n","url":"https:\/\/dcc.ing.uc.cl\/","logo":{"@type":"ImageObject","inLanguage":"es-CL","@id":"https:\/\/dcc.ing.uc.cl\/#\/schema\/logo\/image\/","url":"https:\/\/dcc.ing.uc.cl\/wp-content\/uploads\/2023\/11\/cropped-UC-P2727-01.png","contentUrl":"https:\/\/dcc.ing.uc.cl\/wp-content\/uploads\/2023\/11\/cropped-UC-P2727-01.png","width":307,"height":414,"caption":"Departamento de Ciencia de la Computaci\u00f3n"},"image":{"@id":"https:\/\/dcc.ing.uc.cl\/#\/schema\/logo\/image\/"}}]}},"rttpg_featured_image_url":null,"rttpg_author":{"display_name":"Francisco H","author_link":"https:\/\/dcc.ing.uc.cl\/?author=4"},"rttpg_comment":0,"rttpg_category":null,"rttpg_excerpt":"Centros de Investigaci\u00f3n Asociados Centro Nacional de Inteligencia Artificial La creciente presencia de la Inteligencia Artificial (IA) en Chile \u2013 reflejado en la existencia de un grupo de destacados cient\u00edficos y una primera generaci\u00f3n de startups dedicadas a la IA en nuestro pa\u00eds- en conjunto con la certeza del rol fundamental que tiene la IA&hellip;","_links":{"self":[{"href":"https:\/\/dcc.ing.uc.cl\/index.php?rest_route=\/wp\/v2\/pages\/1765","targetHints":{"allow":["GET"]}}],"collection":[{"href":"https:\/\/dcc.ing.uc.cl\/index.php?rest_route=\/wp\/v2\/pages"}],"about":[{"href":"https:\/\/dcc.ing.uc.cl\/index.php?rest_route=\/wp\/v2\/types\/page"}],"author":[{"embeddable":true,"href":"https:\/\/dcc.ing.uc.cl\/index.php?rest_route=\/wp\/v2\/users\/4"}],"replies":[{"embeddable":true,"href":"https:\/\/dcc.ing.uc.cl\/index.php?rest_route=%2Fwp%2Fv2%2Fcomments&post=1765"}],"version-history":[{"count":25,"href":"https:\/\/dcc.ing.uc.cl\/index.php?rest_route=\/wp\/v2\/pages\/1765\/revisions"}],"predecessor-version":[{"id":2323,"href":"https:\/\/dcc.ing.uc.cl\/index.php?rest_route=\/wp\/v2\/pages\/1765\/revisions\/2323"}],"up":[{"embeddable":true,"href":"https:\/\/dcc.ing.uc.cl\/index.php?rest_route=\/wp\/v2\/pages\/1653"}],"wp:attachment":[{"href":"https:\/\/dcc.ing.uc.cl\/index.php?rest_route=%2Fwp%2Fv2%2Fmedia&parent=1765"}],"curies":[{"name":"wp","href":"https:\/\/api.w.org\/{rel}","templated":true}]}}