{"id":1811,"date":"2024-04-16T17:47:03","date_gmt":"2024-04-16T20:47:03","guid":{"rendered":"https:\/\/dcc.ing.uc.cl\/?page_id=1811"},"modified":"2024-05-23T16:55:23","modified_gmt":"2024-05-23T19:55:23","slug":"cursos-bases","status":"publish","type":"page","link":"https:\/\/dcc.ing.uc.cl\/?page_id=1811","title":{"rendered":"Cursos Bases"},"content":{"rendered":"\t\t<div data-elementor-type=\"wp-page\" data-elementor-id=\"1811\" class=\"elementor elementor-1811\">\n\t\t\t\t\t\t<section class=\"elementor-section elementor-top-section elementor-element elementor-element-403ffbb elementor-section-boxed elementor-section-height-default elementor-section-height-default wpr-particle-no wpr-jarallax-no wpr-parallax-no wpr-sticky-section-no wpr-column-slider-no wpr-equal-height-no\" data-id=\"403ffbb\" data-element_type=\"section\" data-e-type=\"section\">\n\t\t\t\t\t\t<div class=\"elementor-container elementor-column-gap-default\">\n\t\t\t\t\t<div class=\"elementor-column elementor-col-100 elementor-top-column elementor-element elementor-element-0e9f786\" data-id=\"0e9f786\" data-element_type=\"column\" data-e-type=\"column\">\n\t\t\t<div class=\"elementor-widget-wrap elementor-element-populated\">\n\t\t\t\t\t\t<div class=\"elementor-element elementor-element-e496c8d elementor-widget elementor-widget-html\" data-id=\"e496c8d\" data-element_type=\"widget\" data-e-type=\"widget\" data-widget_type=\"html.default\">\n\t\t\t\t<div class=\"elementor-widget-container\">\n\t\t\t\t\t<div class=\"uc-title panel-widget-style\"><div>\r\n<div class=\"siteorigin-widget-tinymce textwidget\">\r\n\t<h3>Cursos Bases - Pregrado<\/h3>\r\n<\/div>\r\n<\/div><\/div>\t\t\t\t<\/div>\n\t\t\t\t<\/div>\n\t\t\t\t\t<\/div>\n\t\t<\/div>\n\t\t\t\t\t<\/div>\n\t\t<\/section>\n\t\t\t\t<section class=\"elementor-section elementor-top-section elementor-element elementor-element-33b3832 elementor-section-boxed elementor-section-height-default elementor-section-height-default wpr-particle-no wpr-jarallax-no wpr-parallax-no wpr-sticky-section-no wpr-column-slider-no wpr-equal-height-no\" data-id=\"33b3832\" data-element_type=\"section\" data-e-type=\"section\">\n\t\t\t\t\t\t<div class=\"elementor-container elementor-column-gap-default\">\n\t\t\t\t\t<div class=\"elementor-column elementor-col-100 elementor-top-column elementor-element elementor-element-e949b17\" data-id=\"e949b17\" data-element_type=\"column\" data-e-type=\"column\">\n\t\t\t<div class=\"elementor-widget-wrap elementor-element-populated\">\n\t\t\t\t\t\t<div class=\"elementor-element elementor-element-13ef4dd elementor-widget elementor-widget-text-editor\" data-id=\"13ef4dd\" data-element_type=\"widget\" data-e-type=\"widget\" data-widget_type=\"text-editor.default\">\n\t\t\t\t<div class=\"elementor-widget-container\">\n\t\t\t\t\t\t\t\t\t<ul><li>IIC1253 Matem\u00e1ticas discretas<\/li><li>IIC2133 Estructuras de Datos y Algoritmos<\/li><li>IIC2143 Ingenier\u00eda de Software<\/li><li>IIC2233 Programaci\u00f3n Avanzada<\/li><li>IIC2413 Bases de Datos<\/li><li>IIC2513 Tecnolog\u00edas y Aplicaciones Web<\/li><li>IIC2154 Proyecto de Especialidad (Capstone)<\/li><\/ul>\t\t\t\t\t\t\t\t<\/div>\n\t\t\t\t<\/div>\n\t\t\t\t<div class=\"elementor-element elementor-element-27b2c9d elementor-widget elementor-widget-html\" data-id=\"27b2c9d\" data-element_type=\"widget\" data-e-type=\"widget\" data-widget_type=\"html.default\">\n\t\t\t\t<div class=\"elementor-widget-container\">\n\t\t\t\t\t<div class=\"uc-title panel-widget-style panel-widget-style-for-gb1512-64b6f3e32bc2f-0-0-1\"><div class=\"so-widget-sow-editor so-widget-sow-editor-base\">\r\n<div class=\"siteorigin-widget-tinymce textwidget\">\r\n\t<h4>Ingenier\u00eda de Software<\/h4>\r\n<\/div>\r\n<\/div><\/div>\t\t\t\t<\/div>\n\t\t\t\t<\/div>\n\t\t\t\t<div class=\"elementor-element elementor-element-ecab20e elementor-widget elementor-widget-text-editor\" data-id=\"ecab20e\" data-element_type=\"widget\" data-e-type=\"widget\" data-widget_type=\"text-editor.default\">\n\t\t\t\t<div class=\"elementor-widget-container\">\n\t\t\t\t\t\t\t\t\t<ul><li>IIC2113 Dise\u00f1o detallado de software<\/li><li>IIC2173 Arquitectura de sistemas de software<\/li><li>IIC2713 Sistemas de informaci\u00f3n<\/li><\/ul>\t\t\t\t\t\t\t\t<\/div>\n\t\t\t\t<\/div>\n\t\t\t\t<div class=\"elementor-element elementor-element-23c271f elementor-widget elementor-widget-html\" data-id=\"23c271f\" data-element_type=\"widget\" data-e-type=\"widget\" data-widget_type=\"html.default\">\n\t\t\t\t<div class=\"elementor-widget-container\">\n\t\t\t\t\t<div class=\"uc-title panel-widget-style\"><div>\r\n<div class=\"siteorigin-widget-tinymce textwidget\">\r\n\t<h3>Computaci\u00f3n y Sistemas de Informaci\u00f3n<\/h3>\r\n<\/div>\r\n<\/div><\/div>\t\t\t\t<\/div>\n\t\t\t\t<\/div>\n\t\t\t\t<section class=\"elementor-section elementor-inner-section elementor-element elementor-element-52eec0c elementor-section-boxed elementor-section-height-default elementor-section-height-default wpr-particle-no wpr-jarallax-no wpr-parallax-no wpr-sticky-section-no wpr-column-slider-no wpr-equal-height-no\" data-id=\"52eec0c\" data-element_type=\"section\" data-e-type=\"section\">\n\t\t\t\t\t\t<div class=\"elementor-container elementor-column-gap-default\">\n\t\t\t\t\t<div class=\"elementor-column elementor-col-50 elementor-inner-column elementor-element elementor-element-3c86108\" data-id=\"3c86108\" data-element_type=\"column\" data-e-type=\"column\">\n\t\t\t<div class=\"elementor-widget-wrap elementor-element-populated\">\n\t\t\t\t\t\t<div class=\"elementor-element elementor-element-3880e9e elementor-widget elementor-widget-html\" data-id=\"3880e9e\" data-element_type=\"widget\" data-e-type=\"widget\" data-widget_type=\"html.default\">\n\t\t\t\t<div class=\"elementor-widget-container\">\n\t\t\t\t\t<div class=\"uc-title panel-widget-style\"><div>\r\n<div class=\"siteorigin-widget-tinymce textwidget\">\r\n\t<h4>Track Computaci\u00f3n<\/h4>\r\n<\/div>\r\n<\/div><\/div>\t\t\t\t<\/div>\n\t\t\t\t<\/div>\n\t\t\t\t<div class=\"elementor-element elementor-element-656e3f7 elementor-widget elementor-widget-text-editor\" data-id=\"656e3f7\" data-element_type=\"widget\" data-e-type=\"widget\" data-widget_type=\"text-editor.default\">\n\t\t\t\t<div class=\"elementor-widget-container\">\n\t\t\t\t\t\t\t\t\t<ul><li>IIC2343 Arquitectura de computadores<\/li><li>IIC2333 Sistemas operativos y redes<\/li><li>IIC2613 Inteligencia artificial<\/li><\/ul>\t\t\t\t\t\t\t\t<\/div>\n\t\t\t\t<\/div>\n\t\t\t\t\t<\/div>\n\t\t<\/div>\n\t\t\t\t<div class=\"elementor-column elementor-col-50 elementor-inner-column elementor-element elementor-element-6162f37\" data-id=\"6162f37\" data-element_type=\"column\" data-e-type=\"column\">\n\t\t\t<div class=\"elementor-widget-wrap elementor-element-populated\">\n\t\t\t\t\t\t<div class=\"elementor-element elementor-element-d2cd6c3 elementor-widget elementor-widget-html\" data-id=\"d2cd6c3\" data-element_type=\"widget\" data-e-type=\"widget\" data-widget_type=\"html.default\">\n\t\t\t\t<div class=\"elementor-widget-container\">\n\t\t\t\t\t<div class=\"uc-title panel-widget-style panel-widget-style-for-gb1512-64b6f3e32bc2f-0-0-1\"><div class=\"so-widget-sow-editor so-widget-sow-editor-base\">\r\n<div class=\"siteorigin-widget-tinymce textwidget\">\r\n\t<h4>Track Sistemas de Informaci\u00f3n<\/h4>\r\n<\/div>\r\n<\/div><\/div>\t\t\t\t<\/div>\n\t\t\t\t<\/div>\n\t\t\t\t<div class=\"elementor-element elementor-element-018e065 elementor-widget elementor-widget-text-editor\" data-id=\"018e065\" data-element_type=\"widget\" data-e-type=\"widget\" data-widget_type=\"text-editor.default\">\n\t\t\t\t<div class=\"elementor-widget-container\">\n\t\t\t\t\t\t\t\t\t<ul><li>IIC2713 Sistemas de informaci\u00f3n<\/li><li>IIC2733 Modelos de procesos<\/li><li>IIC2764 Conocimiento, cultura y tecnolog\u00eda<\/li><\/ul>\t\t\t\t\t\t\t\t<\/div>\n\t\t\t\t<\/div>\n\t\t\t\t\t<\/div>\n\t\t<\/div>\n\t\t\t\t\t<\/div>\n\t\t<\/section>\n\t\t\t\t\t<\/div>\n\t\t<\/div>\n\t\t\t\t\t<\/div>\n\t\t<\/section>\n\t\t\t\t<\/div>\n\t\t","protected":false},"excerpt":{"rendered":"<p>Cursos Bases &#8211; Pregrado IIC1253 Matem\u00e1ticas discretas IIC2133 Estructuras de Datos y Algoritmos IIC2143 Ingenier\u00eda de Software IIC2233 Programaci\u00f3n Avanzada IIC2413 Bases de Datos IIC2513 Tecnolog\u00edas y Aplicaciones Web IIC2154 Proyecto de Especialidad (Capstone) Ingenier\u00eda de Software IIC2113 Dise\u00f1o detallado de software IIC2173 Arquitectura de sistemas de software IIC2713 Sistemas de informaci\u00f3n Computaci\u00f3n y Sistemas de Informaci\u00f3n Track Computaci\u00f3n IIC2343 Arquitectura de computadores IIC2333 Sistemas operativos y redes IIC2613 Inteligencia artificial Track Sistemas de Informaci\u00f3n IIC2713 Sistemas de informaci\u00f3n IIC2733 Modelos de procesos IIC2764 Conocimiento, cultura y tecnolog\u00eda<\/p>\n","protected":false},"author":4,"featured_media":0,"parent":1526,"menu_order":0,"comment_status":"closed","ping_status":"closed","template":"","meta":{"site-sidebar-layout":"no-sidebar","site-content-layout":"page-builder","ast-site-content-layout":"full-width-container","site-content-style":"default","site-sidebar-style":"default","ast-global-header-display":"","ast-banner-title-visibility":"","ast-main-header-display":"","ast-hfb-above-header-display":"","ast-hfb-below-header-display":"","ast-hfb-mobile-header-display":"","site-post-title":"disabled","ast-breadcrumbs-content":"","ast-featured-img":"disabled","footer-sml-layout":"","ast-disable-related-posts":"","theme-transparent-header-meta":"","adv-header-id-meta":"","stick-header-meta":"","header-above-stick-meta":"","header-main-stick-meta":"","header-below-stick-meta":"","astra-migrate-meta-layouts":"set","ast-page-background-enabled":"default","ast-page-background-meta":{"desktop":{"background-color":"","background-image":"","background-repeat":"repeat","background-position":"center center","background-size":"auto","background-attachment":"scroll","background-type":"","background-media":"","overlay-type":"","overlay-color":"","overlay-opacity":"","overlay-gradient":""},"tablet":{"background-color":"","background-image":"","background-repeat":"repeat","background-position":"center center","background-size":"auto","background-attachment":"scroll","background-type":"","background-media":"","overlay-type":"","overlay-color":"","overlay-opacity":"","overlay-gradient":""},"mobile":{"background-color":"","background-image":"","background-repeat":"repeat","background-position":"center center","background-size":"auto","background-attachment":"scroll","background-type":"","background-media":"","overlay-type":"","overlay-color":"","overlay-opacity":"","overlay-gradient":""}},"ast-content-background-meta":{"desktop":{"background-color":"var(--ast-global-color-5)","background-image":"","background-repeat":"repeat","background-position":"center center","background-size":"auto","background-attachment":"scroll","background-type":"","background-media":"","overlay-type":"","overlay-color":"","overlay-opacity":"","overlay-gradient":""},"tablet":{"background-color":"var(--ast-global-color-5)","background-image":"","background-repeat":"repeat","background-position":"center center","background-size":"auto","background-attachment":"scroll","background-type":"","background-media":"","overlay-type":"","overlay-color":"","overlay-opacity":"","overlay-gradient":""},"mobile":{"background-color":"var(--ast-global-color-5)","background-image":"","background-repeat":"repeat","background-position":"center center","background-size":"auto","background-attachment":"scroll","background-type":"","background-media":"","overlay-type":"","overlay-color":"","overlay-opacity":"","overlay-gradient":""}},"footnotes":""},"class_list":["post-1811","page","type-page","status-publish","hentry"],"yoast_head":"<!-- This site is optimized with the Yoast SEO plugin v27.6 - https:\/\/yoast.com\/product\/yoast-seo-wordpress\/ -->\n<title>Cursos Bases - Departamento de Ciencia de la Computaci\u00f3n<\/title>\n<meta name=\"robots\" content=\"index, follow, max-snippet:-1, max-image-preview:large, max-video-preview:-1\" \/>\n<link rel=\"canonical\" href=\"https:\/\/dcc.ing.uc.cl\/?page_id=1811\" \/>\n<meta property=\"og:locale\" content=\"es_ES\" \/>\n<meta property=\"og:type\" content=\"article\" \/>\n<meta property=\"og:title\" content=\"Cursos Bases - Departamento de Ciencia de la Computaci\u00f3n\" \/>\n<meta property=\"og:description\" content=\"Cursos Bases &#8211; Pregrado IIC1253 Matem\u00e1ticas discretas IIC2133 Estructuras de Datos y Algoritmos IIC2143 Ingenier\u00eda de Software IIC2233 Programaci\u00f3n Avanzada IIC2413 Bases de Datos IIC2513 Tecnolog\u00edas y Aplicaciones Web IIC2154 Proyecto de Especialidad (Capstone) Ingenier\u00eda de Software IIC2113 Dise\u00f1o detallado de software IIC2173 Arquitectura de sistemas de software IIC2713 Sistemas de informaci\u00f3n Computaci\u00f3n y Sistemas de Informaci\u00f3n Track Computaci\u00f3n IIC2343 Arquitectura de computadores IIC2333 Sistemas operativos y redes IIC2613 Inteligencia artificial Track Sistemas de Informaci\u00f3n IIC2713 Sistemas de informaci\u00f3n IIC2733 Modelos de procesos IIC2764 Conocimiento, cultura y tecnolog\u00eda\" \/>\n<meta property=\"og:url\" content=\"https:\/\/dcc.ing.uc.cl\/?page_id=1811\" \/>\n<meta property=\"og:site_name\" content=\"Departamento de Ciencia de la Computaci\u00f3n\" \/>\n<meta property=\"article:modified_time\" content=\"2024-05-23T19:55:23+00:00\" \/>\n<meta name=\"twitter:card\" content=\"summary_large_image\" \/>\n<meta name=\"twitter:label1\" content=\"Tiempo estimado de lectura\" \/>\n\t<meta name=\"twitter:data1\" content=\"1 minuto\" \/>\n<script type=\"application\/ld+json\" class=\"yoast-schema-graph\">{\"@context\":\"https:\\\/\\\/schema.org\",\"@graph\":[{\"@type\":\"WebPage\",\"@id\":\"https:\\\/\\\/dcc.ing.uc.cl\\\/?page_id=1811\",\"url\":\"https:\\\/\\\/dcc.ing.uc.cl\\\/?page_id=1811\",\"name\":\"Cursos Bases - Departamento de Ciencia de la Computaci\u00f3n\",\"isPartOf\":{\"@id\":\"https:\\\/\\\/dcc.ing.uc.cl\\\/#website\"},\"datePublished\":\"2024-04-16T20:47:03+00:00\",\"dateModified\":\"2024-05-23T19:55:23+00:00\",\"breadcrumb\":{\"@id\":\"https:\\\/\\\/dcc.ing.uc.cl\\\/?page_id=1811#breadcrumb\"},\"inLanguage\":\"es-CL\",\"potentialAction\":[{\"@type\":\"ReadAction\",\"target\":[\"https:\\\/\\\/dcc.ing.uc.cl\\\/?page_id=1811\"]}]},{\"@type\":\"BreadcrumbList\",\"@id\":\"https:\\\/\\\/dcc.ing.uc.cl\\\/?page_id=1811#breadcrumb\",\"itemListElement\":[{\"@type\":\"ListItem\",\"position\":1,\"name\":\"Portada\",\"item\":\"https:\\\/\\\/dcc.ing.uc.cl\\\/\"},{\"@type\":\"ListItem\",\"position\":2,\"name\":\"Pregrado\",\"item\":\"https:\\\/\\\/dcc.ing.uc.cl\\\/?page_id=1526\"},{\"@type\":\"ListItem\",\"position\":3,\"name\":\"Cursos Bases\"}]},{\"@type\":\"WebSite\",\"@id\":\"https:\\\/\\\/dcc.ing.uc.cl\\\/#website\",\"url\":\"https:\\\/\\\/dcc.ing.uc.cl\\\/\",\"name\":\"Departamento de Ciencia de la Computaci\u00f3n\",\"description\":\"Escuela de Ingenier\u00eda\",\"publisher\":{\"@id\":\"https:\\\/\\\/dcc.ing.uc.cl\\\/#organization\"},\"potentialAction\":[{\"@type\":\"SearchAction\",\"target\":{\"@type\":\"EntryPoint\",\"urlTemplate\":\"https:\\\/\\\/dcc.ing.uc.cl\\\/?s={search_term_string}\"},\"query-input\":{\"@type\":\"PropertyValueSpecification\",\"valueRequired\":true,\"valueName\":\"search_term_string\"}}],\"inLanguage\":\"es-CL\"},{\"@type\":\"Organization\",\"@id\":\"https:\\\/\\\/dcc.ing.uc.cl\\\/#organization\",\"name\":\"Departamento de Ciencia de la Computaci\u00f3n\",\"url\":\"https:\\\/\\\/dcc.ing.uc.cl\\\/\",\"logo\":{\"@type\":\"ImageObject\",\"inLanguage\":\"es-CL\",\"@id\":\"https:\\\/\\\/dcc.ing.uc.cl\\\/#\\\/schema\\\/logo\\\/image\\\/\",\"url\":\"https:\\\/\\\/dcc.ing.uc.cl\\\/wp-content\\\/uploads\\\/2023\\\/11\\\/cropped-UC-P2727-01.png\",\"contentUrl\":\"https:\\\/\\\/dcc.ing.uc.cl\\\/wp-content\\\/uploads\\\/2023\\\/11\\\/cropped-UC-P2727-01.png\",\"width\":307,\"height\":414,\"caption\":\"Departamento de Ciencia de la Computaci\u00f3n\"},\"image\":{\"@id\":\"https:\\\/\\\/dcc.ing.uc.cl\\\/#\\\/schema\\\/logo\\\/image\\\/\"}}]}<\/script>\n<!-- \/ Yoast SEO plugin. -->","yoast_head_json":{"title":"Cursos Bases - Departamento de Ciencia de la Computaci\u00f3n","robots":{"index":"index","follow":"follow","max-snippet":"max-snippet:-1","max-image-preview":"max-image-preview:large","max-video-preview":"max-video-preview:-1"},"canonical":"https:\/\/dcc.ing.uc.cl\/?page_id=1811","og_locale":"es_ES","og_type":"article","og_title":"Cursos Bases - Departamento de Ciencia de la Computaci\u00f3n","og_description":"Cursos Bases &#8211; Pregrado IIC1253 Matem\u00e1ticas discretas IIC2133 Estructuras de Datos y Algoritmos IIC2143 Ingenier\u00eda de Software IIC2233 Programaci\u00f3n Avanzada IIC2413 Bases de Datos IIC2513 Tecnolog\u00edas y Aplicaciones Web IIC2154 Proyecto de Especialidad (Capstone) Ingenier\u00eda de Software IIC2113 Dise\u00f1o detallado de software IIC2173 Arquitectura de sistemas de software IIC2713 Sistemas de informaci\u00f3n Computaci\u00f3n y Sistemas de Informaci\u00f3n Track Computaci\u00f3n IIC2343 Arquitectura de computadores IIC2333 Sistemas operativos y redes IIC2613 Inteligencia artificial Track Sistemas de Informaci\u00f3n IIC2713 Sistemas de informaci\u00f3n IIC2733 Modelos de procesos IIC2764 Conocimiento, cultura y tecnolog\u00eda","og_url":"https:\/\/dcc.ing.uc.cl\/?page_id=1811","og_site_name":"Departamento de Ciencia de la Computaci\u00f3n","article_modified_time":"2024-05-23T19:55:23+00:00","twitter_card":"summary_large_image","twitter_misc":{"Tiempo estimado de lectura":"1 minuto"},"schema":{"@context":"https:\/\/schema.org","@graph":[{"@type":"WebPage","@id":"https:\/\/dcc.ing.uc.cl\/?page_id=1811","url":"https:\/\/dcc.ing.uc.cl\/?page_id=1811","name":"Cursos Bases - Departamento de Ciencia de la Computaci\u00f3n","isPartOf":{"@id":"https:\/\/dcc.ing.uc.cl\/#website"},"datePublished":"2024-04-16T20:47:03+00:00","dateModified":"2024-05-23T19:55:23+00:00","breadcrumb":{"@id":"https:\/\/dcc.ing.uc.cl\/?page_id=1811#breadcrumb"},"inLanguage":"es-CL","potentialAction":[{"@type":"ReadAction","target":["https:\/\/dcc.ing.uc.cl\/?page_id=1811"]}]},{"@type":"BreadcrumbList","@id":"https:\/\/dcc.ing.uc.cl\/?page_id=1811#breadcrumb","itemListElement":[{"@type":"ListItem","position":1,"name":"Portada","item":"https:\/\/dcc.ing.uc.cl\/"},{"@type":"ListItem","position":2,"name":"Pregrado","item":"https:\/\/dcc.ing.uc.cl\/?page_id=1526"},{"@type":"ListItem","position":3,"name":"Cursos Bases"}]},{"@type":"WebSite","@id":"https:\/\/dcc.ing.uc.cl\/#website","url":"https:\/\/dcc.ing.uc.cl\/","name":"Departamento de Ciencia de la Computaci\u00f3n","description":"Escuela de Ingenier\u00eda","publisher":{"@id":"https:\/\/dcc.ing.uc.cl\/#organization"},"potentialAction":[{"@type":"SearchAction","target":{"@type":"EntryPoint","urlTemplate":"https:\/\/dcc.ing.uc.cl\/?s={search_term_string}"},"query-input":{"@type":"PropertyValueSpecification","valueRequired":true,"valueName":"search_term_string"}}],"inLanguage":"es-CL"},{"@type":"Organization","@id":"https:\/\/dcc.ing.uc.cl\/#organization","name":"Departamento de Ciencia de la Computaci\u00f3n","url":"https:\/\/dcc.ing.uc.cl\/","logo":{"@type":"ImageObject","inLanguage":"es-CL","@id":"https:\/\/dcc.ing.uc.cl\/#\/schema\/logo\/image\/","url":"https:\/\/dcc.ing.uc.cl\/wp-content\/uploads\/2023\/11\/cropped-UC-P2727-01.png","contentUrl":"https:\/\/dcc.ing.uc.cl\/wp-content\/uploads\/2023\/11\/cropped-UC-P2727-01.png","width":307,"height":414,"caption":"Departamento de Ciencia de la Computaci\u00f3n"},"image":{"@id":"https:\/\/dcc.ing.uc.cl\/#\/schema\/logo\/image\/"}}]}},"rttpg_featured_image_url":null,"rttpg_author":{"display_name":"Francisco H","author_link":"https:\/\/dcc.ing.uc.cl\/?author=4"},"rttpg_comment":0,"rttpg_category":null,"rttpg_excerpt":"Cursos Bases &#8211; Pregrado IIC1253 Matem\u00e1ticas discretas IIC2133 Estructuras de Datos y Algoritmos IIC2143 Ingenier\u00eda de Software IIC2233 Programaci\u00f3n Avanzada IIC2413 Bases de Datos IIC2513 Tecnolog\u00edas y Aplicaciones Web IIC2154 Proyecto de Especialidad (Capstone) Ingenier\u00eda de Software IIC2113 Dise\u00f1o detallado de software IIC2173 Arquitectura de sistemas de software IIC2713 Sistemas de informaci\u00f3n Computaci\u00f3n y Sistemas&hellip;","_links":{"self":[{"href":"https:\/\/dcc.ing.uc.cl\/index.php?rest_route=\/wp\/v2\/pages\/1811","targetHints":{"allow":["GET"]}}],"collection":[{"href":"https:\/\/dcc.ing.uc.cl\/index.php?rest_route=\/wp\/v2\/pages"}],"about":[{"href":"https:\/\/dcc.ing.uc.cl\/index.php?rest_route=\/wp\/v2\/types\/page"}],"author":[{"embeddable":true,"href":"https:\/\/dcc.ing.uc.cl\/index.php?rest_route=\/wp\/v2\/users\/4"}],"replies":[{"embeddable":true,"href":"https:\/\/dcc.ing.uc.cl\/index.php?rest_route=%2Fwp%2Fv2%2Fcomments&post=1811"}],"version-history":[{"count":13,"href":"https:\/\/dcc.ing.uc.cl\/index.php?rest_route=\/wp\/v2\/pages\/1811\/revisions"}],"predecessor-version":[{"id":2168,"href":"https:\/\/dcc.ing.uc.cl\/index.php?rest_route=\/wp\/v2\/pages\/1811\/revisions\/2168"}],"up":[{"embeddable":true,"href":"https:\/\/dcc.ing.uc.cl\/index.php?rest_route=\/wp\/v2\/pages\/1526"}],"wp:attachment":[{"href":"https:\/\/dcc.ing.uc.cl\/index.php?rest_route=%2Fwp%2Fv2%2Fmedia&parent=1811"}],"curies":[{"name":"wp","href":"https:\/\/api.w.org\/{rel}","templated":true}]}}