{"id":2141,"date":"2024-05-23T13:50:41","date_gmt":"2024-05-23T16:50:41","guid":{"rendered":"https:\/\/dcc.ing.uc.cl\/?page_id=2141"},"modified":"2024-05-29T16:29:49","modified_gmt":"2024-05-29T19:29:49","slug":"licenciatura-en-ingenieria-en-ciencia-de-la-computacion","status":"publish","type":"page","link":"https:\/\/dcc.ing.uc.cl\/?page_id=2141","title":{"rendered":"Licenciatura en Ingenier\u00eda en Ciencia de la Computaci\u00f3n"},"content":{"rendered":"\t\t<div data-elementor-type=\"wp-page\" data-elementor-id=\"2141\" class=\"elementor elementor-2141\">\n\t\t\t\t\t\t<section class=\"elementor-section elementor-top-section elementor-element elementor-element-91a2286 elementor-section-boxed elementor-section-height-default elementor-section-height-default wpr-particle-no wpr-jarallax-no wpr-parallax-no wpr-sticky-section-no wpr-column-slider-no wpr-equal-height-no\" data-id=\"91a2286\" data-element_type=\"section\" data-e-type=\"section\">\n\t\t\t\t\t\t<div class=\"elementor-container elementor-column-gap-default\">\n\t\t\t\t\t<div class=\"elementor-column elementor-col-100 elementor-top-column elementor-element elementor-element-e36ebcd\" data-id=\"e36ebcd\" data-element_type=\"column\" data-e-type=\"column\">\n\t\t\t<div class=\"elementor-widget-wrap elementor-element-populated\">\n\t\t\t\t\t\t<div class=\"elementor-element elementor-element-fb016a5 elementor-widget elementor-widget-html\" data-id=\"fb016a5\" data-element_type=\"widget\" data-e-type=\"widget\" data-widget_type=\"html.default\">\n\t\t\t\t<div class=\"elementor-widget-container\">\n\t\t\t\t\t<div class=\"uc-title panel-widget-style\"><div>\r\n<div class=\"siteorigin-widget-tinymce textwidget\">\r\n\t<h3>Licenciatura en Ingenier\u00eda en Ciencia de la Computaci\u00f3n<\/h3>\r\n<\/div>\r\n<\/div><\/div>\t\t\t\t<\/div>\n\t\t\t\t<\/div>\n\t\t\t\t<div class=\"elementor-element elementor-element-775b2d6 elementor-widget elementor-widget-text-editor\" data-id=\"775b2d6\" data-element_type=\"widget\" data-e-type=\"widget\" data-widget_type=\"text-editor.default\">\n\t\t\t\t<div class=\"elementor-widget-container\">\n\t\t\t\t\t\t\t\t\t<div class=\"s-title\"><div class=\"s-component s-text\"><div class=\"\"><div class=\"s-component-content s-font-title\"><p><span style=\"font-size: 16px;\">A trav\u00e9s de un foco en la interdisciplina, comunicaci\u00f3n y \u00e9tica, el programa permitir\u00e1 a los estudiantes tener una fuerte formaci\u00f3n en los fundamentos de la ciencia de la computaci\u00f3n. Como tambi\u00e9n permitir\u00e1 a los alumnos complementar su preparaci\u00f3n con cursos de otras facultades.<\/span><\/p><\/div><\/div><\/div><\/div><div class=\"s-item-text\"><div class=\"s-component s-text\"><div class=\"\"><div class=\"s-component-content s-font-body\"><p>Una formaci\u00f3n universitaria de s\u00f3lo cuatro a\u00f1os en \u00e1reas como Inteligencia Artificial, soluciones algor\u00edtmicas, software, ciberseguridad, dise\u00f1o<br \/>e innovaci\u00f3n, entre otras.<\/p><p>El dise\u00f1o del programa curricular fue propuesto por el Departamento de Ciencia de la Computaci\u00f3n, con el apoyo de las facultades de Matem\u00e1ticas, de F\u00edsica, de Comunicaciones, de Letras, de Ciencias Biol\u00f3gicas y de Econom\u00eda y Administraci\u00f3n UC, Instituto de Ingenier\u00eda Matem\u00e1tica y Computacional y por \u00faltimo el Instituto de \u00c9ticas Aplicadas.<\/p><p>Para conocer m\u00e1s acerca de esta nueva licenciatura, ingresa al siguiente enlace:<br \/><a href=\"https:\/\/cienciadelacomputacion.uc.cl\/\" target=\"_blank\" rel=\"noopener\">https:\/\/cienciadelacomputacion.uc.cl\/<\/a><\/p><\/div><\/div><\/div><\/div>\t\t\t\t\t\t\t\t<\/div>\n\t\t\t\t<\/div>\n\t\t\t\t\t<\/div>\n\t\t<\/div>\n\t\t\t\t\t<\/div>\n\t\t<\/section>\n\t\t\t\t<\/div>\n\t\t","protected":false},"excerpt":{"rendered":"<p>Licenciatura en Ingenier\u00eda en Ciencia de la Computaci\u00f3n A trav\u00e9s de un foco en la interdisciplina, comunicaci\u00f3n y \u00e9tica, el programa permitir\u00e1 a los estudiantes tener una fuerte formaci\u00f3n en los fundamentos de la ciencia de la computaci\u00f3n. Como tambi\u00e9n permitir\u00e1 a los alumnos complementar su preparaci\u00f3n con cursos de otras facultades. Una formaci\u00f3n universitaria de s\u00f3lo cuatro a\u00f1os en \u00e1reas como Inteligencia Artificial, soluciones algor\u00edtmicas, software, ciberseguridad, dise\u00f1oe innovaci\u00f3n, entre otras. El dise\u00f1o del programa curricular fue propuesto por el Departamento de Ciencia de la Computaci\u00f3n, con el apoyo de las facultades de Matem\u00e1ticas, de F\u00edsica, de Comunicaciones, de Letras, de Ciencias Biol\u00f3gicas y de Econom\u00eda y Administraci\u00f3n UC, Instituto de Ingenier\u00eda Matem\u00e1tica y Computacional y por \u00faltimo el Instituto de \u00c9ticas Aplicadas. Para conocer m\u00e1s acerca de esta nueva licenciatura, ingresa al siguiente enlace:https:\/\/cienciadelacomputacion.uc.cl\/<\/p>\n","protected":false},"author":5,"featured_media":0,"parent":1526,"menu_order":0,"comment_status":"closed","ping_status":"closed","template":"","meta":{"site-sidebar-layout":"no-sidebar","site-content-layout":"page-builder","ast-site-content-layout":"full-width-container","site-content-style":"default","site-sidebar-style":"default","ast-global-header-display":"","ast-banner-title-visibility":"","ast-main-header-display":"","ast-hfb-above-header-display":"","ast-hfb-below-header-display":"","ast-hfb-mobile-header-display":"","site-post-title":"disabled","ast-breadcrumbs-content":"","ast-featured-img":"disabled","footer-sml-layout":"","ast-disable-related-posts":"","theme-transparent-header-meta":"","adv-header-id-meta":"","stick-header-meta":"","header-above-stick-meta":"","header-main-stick-meta":"","header-below-stick-meta":"","astra-migrate-meta-layouts":"set","ast-page-background-enabled":"default","ast-page-background-meta":{"desktop":{"background-color":"","background-image":"","background-repeat":"repeat","background-position":"center center","background-size":"auto","background-attachment":"scroll","background-type":"","background-media":"","overlay-type":"","overlay-color":"","overlay-opacity":"","overlay-gradient":""},"tablet":{"background-color":"","background-image":"","background-repeat":"repeat","background-position":"center center","background-size":"auto","background-attachment":"scroll","background-type":"","background-media":"","overlay-type":"","overlay-color":"","overlay-opacity":"","overlay-gradient":""},"mobile":{"background-color":"","background-image":"","background-repeat":"repeat","background-position":"center center","background-size":"auto","background-attachment":"scroll","background-type":"","background-media":"","overlay-type":"","overlay-color":"","overlay-opacity":"","overlay-gradient":""}},"ast-content-background-meta":{"desktop":{"background-color":"var(--ast-global-color-5)","background-image":"","background-repeat":"repeat","background-position":"center center","background-size":"auto","background-attachment":"scroll","background-type":"","background-media":"","overlay-type":"","overlay-color":"","overlay-opacity":"","overlay-gradient":""},"tablet":{"background-color":"var(--ast-global-color-5)","background-image":"","background-repeat":"repeat","background-position":"center center","background-size":"auto","background-attachment":"scroll","background-type":"","background-media":"","overlay-type":"","overlay-color":"","overlay-opacity":"","overlay-gradient":""},"mobile":{"background-color":"var(--ast-global-color-5)","background-image":"","background-repeat":"repeat","background-position":"center center","background-size":"auto","background-attachment":"scroll","background-type":"","background-media":"","overlay-type":"","overlay-color":"","overlay-opacity":"","overlay-gradient":""}},"footnotes":""},"class_list":["post-2141","page","type-page","status-publish","hentry"],"yoast_head":"<!-- This site is optimized with the Yoast SEO plugin v27.6 - https:\/\/yoast.com\/product\/yoast-seo-wordpress\/ -->\n<title>Licenciatura en Ingenier\u00eda en Ciencia de la Computaci\u00f3n - Departamento de Ciencia de la Computaci\u00f3n<\/title>\n<meta name=\"robots\" content=\"index, follow, max-snippet:-1, max-image-preview:large, max-video-preview:-1\" \/>\n<link rel=\"canonical\" href=\"https:\/\/dcc.ing.uc.cl\/?page_id=2141\" \/>\n<meta property=\"og:locale\" content=\"es_ES\" \/>\n<meta property=\"og:type\" content=\"article\" \/>\n<meta property=\"og:title\" content=\"Licenciatura en Ingenier\u00eda en Ciencia de la Computaci\u00f3n - Departamento de Ciencia de la Computaci\u00f3n\" \/>\n<meta property=\"og:description\" content=\"Licenciatura en Ingenier\u00eda en Ciencia de la Computaci\u00f3n A trav\u00e9s de un foco en la interdisciplina, comunicaci\u00f3n y \u00e9tica, el programa permitir\u00e1 a los estudiantes tener una fuerte formaci\u00f3n en los fundamentos de la ciencia de la computaci\u00f3n. Como tambi\u00e9n permitir\u00e1 a los alumnos complementar su preparaci\u00f3n con cursos de otras facultades. Una formaci\u00f3n universitaria de s\u00f3lo cuatro a\u00f1os en \u00e1reas como Inteligencia Artificial, soluciones algor\u00edtmicas, software, ciberseguridad, dise\u00f1oe innovaci\u00f3n, entre otras. El dise\u00f1o del programa curricular fue propuesto por el Departamento de Ciencia de la Computaci\u00f3n, con el apoyo de las facultades de Matem\u00e1ticas, de F\u00edsica, de Comunicaciones, de Letras, de Ciencias Biol\u00f3gicas y de Econom\u00eda y Administraci\u00f3n UC, Instituto de Ingenier\u00eda Matem\u00e1tica y Computacional y por \u00faltimo el Instituto de \u00c9ticas Aplicadas. Para conocer m\u00e1s acerca de esta nueva licenciatura, ingresa al siguiente enlace:https:\/\/cienciadelacomputacion.uc.cl\/\" \/>\n<meta property=\"og:url\" content=\"https:\/\/dcc.ing.uc.cl\/?page_id=2141\" \/>\n<meta property=\"og:site_name\" content=\"Departamento de Ciencia de la Computaci\u00f3n\" \/>\n<meta property=\"article:modified_time\" content=\"2024-05-29T19:29:49+00:00\" \/>\n<meta name=\"twitter:card\" content=\"summary_large_image\" \/>\n<meta name=\"twitter:label1\" content=\"Tiempo estimado de lectura\" \/>\n\t<meta name=\"twitter:data1\" content=\"1 minuto\" \/>\n<script type=\"application\/ld+json\" class=\"yoast-schema-graph\">{\"@context\":\"https:\\\/\\\/schema.org\",\"@graph\":[{\"@type\":\"WebPage\",\"@id\":\"https:\\\/\\\/dcc.ing.uc.cl\\\/?page_id=2141\",\"url\":\"https:\\\/\\\/dcc.ing.uc.cl\\\/?page_id=2141\",\"name\":\"Licenciatura en Ingenier\u00eda en Ciencia de la Computaci\u00f3n - Departamento de Ciencia de la Computaci\u00f3n\",\"isPartOf\":{\"@id\":\"https:\\\/\\\/dcc.ing.uc.cl\\\/#website\"},\"datePublished\":\"2024-05-23T16:50:41+00:00\",\"dateModified\":\"2024-05-29T19:29:49+00:00\",\"breadcrumb\":{\"@id\":\"https:\\\/\\\/dcc.ing.uc.cl\\\/?page_id=2141#breadcrumb\"},\"inLanguage\":\"es-CL\",\"potentialAction\":[{\"@type\":\"ReadAction\",\"target\":[\"https:\\\/\\\/dcc.ing.uc.cl\\\/?page_id=2141\"]}]},{\"@type\":\"BreadcrumbList\",\"@id\":\"https:\\\/\\\/dcc.ing.uc.cl\\\/?page_id=2141#breadcrumb\",\"itemListElement\":[{\"@type\":\"ListItem\",\"position\":1,\"name\":\"Portada\",\"item\":\"https:\\\/\\\/dcc.ing.uc.cl\\\/\"},{\"@type\":\"ListItem\",\"position\":2,\"name\":\"Pregrado\",\"item\":\"https:\\\/\\\/dcc.ing.uc.cl\\\/?page_id=1526\"},{\"@type\":\"ListItem\",\"position\":3,\"name\":\"Licenciatura en Ingenier\u00eda en Ciencia de la Computaci\u00f3n\"}]},{\"@type\":\"WebSite\",\"@id\":\"https:\\\/\\\/dcc.ing.uc.cl\\\/#website\",\"url\":\"https:\\\/\\\/dcc.ing.uc.cl\\\/\",\"name\":\"Departamento de Ciencia de la Computaci\u00f3n\",\"description\":\"Escuela de Ingenier\u00eda\",\"publisher\":{\"@id\":\"https:\\\/\\\/dcc.ing.uc.cl\\\/#organization\"},\"potentialAction\":[{\"@type\":\"SearchAction\",\"target\":{\"@type\":\"EntryPoint\",\"urlTemplate\":\"https:\\\/\\\/dcc.ing.uc.cl\\\/?s={search_term_string}\"},\"query-input\":{\"@type\":\"PropertyValueSpecification\",\"valueRequired\":true,\"valueName\":\"search_term_string\"}}],\"inLanguage\":\"es-CL\"},{\"@type\":\"Organization\",\"@id\":\"https:\\\/\\\/dcc.ing.uc.cl\\\/#organization\",\"name\":\"Departamento de Ciencia de la Computaci\u00f3n\",\"url\":\"https:\\\/\\\/dcc.ing.uc.cl\\\/\",\"logo\":{\"@type\":\"ImageObject\",\"inLanguage\":\"es-CL\",\"@id\":\"https:\\\/\\\/dcc.ing.uc.cl\\\/#\\\/schema\\\/logo\\\/image\\\/\",\"url\":\"https:\\\/\\\/dcc.ing.uc.cl\\\/wp-content\\\/uploads\\\/2023\\\/11\\\/cropped-UC-P2727-01.png\",\"contentUrl\":\"https:\\\/\\\/dcc.ing.uc.cl\\\/wp-content\\\/uploads\\\/2023\\\/11\\\/cropped-UC-P2727-01.png\",\"width\":307,\"height\":414,\"caption\":\"Departamento de Ciencia de la Computaci\u00f3n\"},\"image\":{\"@id\":\"https:\\\/\\\/dcc.ing.uc.cl\\\/#\\\/schema\\\/logo\\\/image\\\/\"}}]}<\/script>\n<!-- \/ Yoast SEO plugin. -->","yoast_head_json":{"title":"Licenciatura en Ingenier\u00eda en Ciencia de la Computaci\u00f3n - Departamento de Ciencia de la Computaci\u00f3n","robots":{"index":"index","follow":"follow","max-snippet":"max-snippet:-1","max-image-preview":"max-image-preview:large","max-video-preview":"max-video-preview:-1"},"canonical":"https:\/\/dcc.ing.uc.cl\/?page_id=2141","og_locale":"es_ES","og_type":"article","og_title":"Licenciatura en Ingenier\u00eda en Ciencia de la Computaci\u00f3n - Departamento de Ciencia de la Computaci\u00f3n","og_description":"Licenciatura en Ingenier\u00eda en Ciencia de la Computaci\u00f3n A trav\u00e9s de un foco en la interdisciplina, comunicaci\u00f3n y \u00e9tica, el programa permitir\u00e1 a los estudiantes tener una fuerte formaci\u00f3n en los fundamentos de la ciencia de la computaci\u00f3n. Como tambi\u00e9n permitir\u00e1 a los alumnos complementar su preparaci\u00f3n con cursos de otras facultades. Una formaci\u00f3n universitaria de s\u00f3lo cuatro a\u00f1os en \u00e1reas como Inteligencia Artificial, soluciones algor\u00edtmicas, software, ciberseguridad, dise\u00f1oe innovaci\u00f3n, entre otras. El dise\u00f1o del programa curricular fue propuesto por el Departamento de Ciencia de la Computaci\u00f3n, con el apoyo de las facultades de Matem\u00e1ticas, de F\u00edsica, de Comunicaciones, de Letras, de Ciencias Biol\u00f3gicas y de Econom\u00eda y Administraci\u00f3n UC, Instituto de Ingenier\u00eda Matem\u00e1tica y Computacional y por \u00faltimo el Instituto de \u00c9ticas Aplicadas. Para conocer m\u00e1s acerca de esta nueva licenciatura, ingresa al siguiente enlace:https:\/\/cienciadelacomputacion.uc.cl\/","og_url":"https:\/\/dcc.ing.uc.cl\/?page_id=2141","og_site_name":"Departamento de Ciencia de la Computaci\u00f3n","article_modified_time":"2024-05-29T19:29:49+00:00","twitter_card":"summary_large_image","twitter_misc":{"Tiempo estimado de lectura":"1 minuto"},"schema":{"@context":"https:\/\/schema.org","@graph":[{"@type":"WebPage","@id":"https:\/\/dcc.ing.uc.cl\/?page_id=2141","url":"https:\/\/dcc.ing.uc.cl\/?page_id=2141","name":"Licenciatura en Ingenier\u00eda en Ciencia de la Computaci\u00f3n - Departamento de Ciencia de la Computaci\u00f3n","isPartOf":{"@id":"https:\/\/dcc.ing.uc.cl\/#website"},"datePublished":"2024-05-23T16:50:41+00:00","dateModified":"2024-05-29T19:29:49+00:00","breadcrumb":{"@id":"https:\/\/dcc.ing.uc.cl\/?page_id=2141#breadcrumb"},"inLanguage":"es-CL","potentialAction":[{"@type":"ReadAction","target":["https:\/\/dcc.ing.uc.cl\/?page_id=2141"]}]},{"@type":"BreadcrumbList","@id":"https:\/\/dcc.ing.uc.cl\/?page_id=2141#breadcrumb","itemListElement":[{"@type":"ListItem","position":1,"name":"Portada","item":"https:\/\/dcc.ing.uc.cl\/"},{"@type":"ListItem","position":2,"name":"Pregrado","item":"https:\/\/dcc.ing.uc.cl\/?page_id=1526"},{"@type":"ListItem","position":3,"name":"Licenciatura en Ingenier\u00eda en Ciencia de la Computaci\u00f3n"}]},{"@type":"WebSite","@id":"https:\/\/dcc.ing.uc.cl\/#website","url":"https:\/\/dcc.ing.uc.cl\/","name":"Departamento de Ciencia de la Computaci\u00f3n","description":"Escuela de Ingenier\u00eda","publisher":{"@id":"https:\/\/dcc.ing.uc.cl\/#organization"},"potentialAction":[{"@type":"SearchAction","target":{"@type":"EntryPoint","urlTemplate":"https:\/\/dcc.ing.uc.cl\/?s={search_term_string}"},"query-input":{"@type":"PropertyValueSpecification","valueRequired":true,"valueName":"search_term_string"}}],"inLanguage":"es-CL"},{"@type":"Organization","@id":"https:\/\/dcc.ing.uc.cl\/#organization","name":"Departamento de Ciencia de la Computaci\u00f3n","url":"https:\/\/dcc.ing.uc.cl\/","logo":{"@type":"ImageObject","inLanguage":"es-CL","@id":"https:\/\/dcc.ing.uc.cl\/#\/schema\/logo\/image\/","url":"https:\/\/dcc.ing.uc.cl\/wp-content\/uploads\/2023\/11\/cropped-UC-P2727-01.png","contentUrl":"https:\/\/dcc.ing.uc.cl\/wp-content\/uploads\/2023\/11\/cropped-UC-P2727-01.png","width":307,"height":414,"caption":"Departamento de Ciencia de la Computaci\u00f3n"},"image":{"@id":"https:\/\/dcc.ing.uc.cl\/#\/schema\/logo\/image\/"}}]}},"rttpg_featured_image_url":null,"rttpg_author":{"display_name":"Pipe Aliaga","author_link":"https:\/\/dcc.ing.uc.cl\/?author=5"},"rttpg_comment":0,"rttpg_category":null,"rttpg_excerpt":"Licenciatura en Ingenier\u00eda en Ciencia de la Computaci\u00f3n A trav\u00e9s de un foco en la interdisciplina, comunicaci\u00f3n y \u00e9tica, el programa permitir\u00e1 a los estudiantes tener una fuerte formaci\u00f3n en los fundamentos de la ciencia de la computaci\u00f3n. Como tambi\u00e9n permitir\u00e1 a los alumnos complementar su preparaci\u00f3n con cursos de otras facultades. Una formaci\u00f3n universitaria&hellip;","_links":{"self":[{"href":"https:\/\/dcc.ing.uc.cl\/index.php?rest_route=\/wp\/v2\/pages\/2141","targetHints":{"allow":["GET"]}}],"collection":[{"href":"https:\/\/dcc.ing.uc.cl\/index.php?rest_route=\/wp\/v2\/pages"}],"about":[{"href":"https:\/\/dcc.ing.uc.cl\/index.php?rest_route=\/wp\/v2\/types\/page"}],"author":[{"embeddable":true,"href":"https:\/\/dcc.ing.uc.cl\/index.php?rest_route=\/wp\/v2\/users\/5"}],"replies":[{"embeddable":true,"href":"https:\/\/dcc.ing.uc.cl\/index.php?rest_route=%2Fwp%2Fv2%2Fcomments&post=2141"}],"version-history":[{"count":10,"href":"https:\/\/dcc.ing.uc.cl\/index.php?rest_route=\/wp\/v2\/pages\/2141\/revisions"}],"predecessor-version":[{"id":2273,"href":"https:\/\/dcc.ing.uc.cl\/index.php?rest_route=\/wp\/v2\/pages\/2141\/revisions\/2273"}],"up":[{"embeddable":true,"href":"https:\/\/dcc.ing.uc.cl\/index.php?rest_route=\/wp\/v2\/pages\/1526"}],"wp:attachment":[{"href":"https:\/\/dcc.ing.uc.cl\/index.php?rest_route=%2Fwp%2Fv2%2Fmedia&parent=2141"}],"curies":[{"name":"wp","href":"https:\/\/api.w.org\/{rel}","templated":true}]}}