{"id":2147,"date":"2024-05-23T13:56:16","date_gmt":"2024-05-23T16:56:16","guid":{"rendered":"https:\/\/dcc.ing.uc.cl\/?page_id=2147"},"modified":"2024-05-27T13:33:53","modified_gmt":"2024-05-27T16:33:53","slug":"major-ingenieria-software","status":"publish","type":"page","link":"https:\/\/dcc.ing.uc.cl\/?page_id=2147","title":{"rendered":"Major Ingenier\u00eda Software"},"content":{"rendered":"\t\t<div data-elementor-type=\"wp-page\" data-elementor-id=\"2147\" class=\"elementor elementor-2147\">\n\t\t\t\t\t\t<section class=\"elementor-section elementor-top-section elementor-element elementor-element-11aa85c elementor-section-boxed elementor-section-height-default elementor-section-height-default wpr-particle-no wpr-jarallax-no wpr-parallax-no wpr-sticky-section-no wpr-column-slider-no wpr-equal-height-no\" data-id=\"11aa85c\" data-element_type=\"section\" data-e-type=\"section\">\n\t\t\t\t\t\t<div class=\"elementor-container elementor-column-gap-default\">\n\t\t\t\t\t<div class=\"elementor-column elementor-col-100 elementor-top-column elementor-element elementor-element-6b6e922\" data-id=\"6b6e922\" data-element_type=\"column\" data-e-type=\"column\">\n\t\t\t<div class=\"elementor-widget-wrap elementor-element-populated\">\n\t\t\t\t\t\t<div class=\"elementor-element elementor-element-b5aeeec elementor-widget elementor-widget-html\" data-id=\"b5aeeec\" data-element_type=\"widget\" data-e-type=\"widget\" data-widget_type=\"html.default\">\n\t\t\t\t<div class=\"elementor-widget-container\">\n\t\t\t\t\t<div class=\"uc-title panel-widget-style\"><div>\r\n<div class=\"siteorigin-widget-tinymce textwidget\">\r\n\t<h3>Major Ingenier\u00eda Software<\/h3>\r\n<\/div>\r\n<\/div><\/div>\t\t\t\t<\/div>\n\t\t\t\t<\/div>\n\t\t\t\t<div class=\"elementor-element elementor-element-29bda55 elementor-widget elementor-widget-text-editor\" data-id=\"29bda55\" data-element_type=\"widget\" data-e-type=\"widget\" data-widget_type=\"text-editor.default\">\n\t\t\t\t<div class=\"elementor-widget-container\">\n\t\t\t\t\t\t\t\t\t<p>Este Major desarrolla la capacidad de disen\u0303ar, construir e implementar aplicaciones y sistemas de software<\/p><p>innovadores para solucionar problemas complejos de la industria. El Major busca posicionar a sus graduados como protagonistas de los ma\u0301s importantes desafi\u0301os del siglo XXI, tales como redes sociales, salud, educacio\u0301n, urbanismo, robo\u0301tica, astronomi\u0301a, redes de empresas, finanzas, marketing, optimizacio\u0301n y muchos otros.<\/p><p>En todos estos a\u0301mbitos la componente de software, se ha convertido en fundamental y, muchas veces, en la u\u0301nica posibilitadora de grandes avances y soluciones radicales. La so\u0301lida formacio\u0301n que este programa entrega a sus estudiantes, los habilita como investigadores, desarrolladores o gestores de proyectos en los \u00e1mbitos del dise\u00f1o, producci\u00f3n y operaci\u00f3n de software, capaces de aportar e innovar en diversas a\u0301reas.<\/p><p>Los Licenciados en Ciencias de la Ingenieri\u0301a con Major en Ingenieri\u0301a de Software estara\u0301n capacitados para modelar problemas complejos y disen\u0303ar e implementar sistemas, componentes y aplicaciones de software, lo que les permitira\u0301 desempen\u0303arse en diversos campos industriales y de investigacio\u0301n.<\/p>\t\t\t\t\t\t\t\t<\/div>\n\t\t\t\t<\/div>\n\t\t\t\t<div class=\"elementor-element elementor-element-8950b3b elementor-widget elementor-widget-image\" data-id=\"8950b3b\" data-element_type=\"widget\" data-e-type=\"widget\" data-widget_type=\"image.default\">\n\t\t\t\t<div class=\"elementor-widget-container\">\n\t\t\t\t\t\t\t\t\t\t\t\t\t\t\t<img fetchpriority=\"high\" decoding=\"async\" width=\"997\" height=\"1024\" src=\"https:\/\/dcc.ing.uc.cl\/wp-content\/uploads\/2024\/05\/Majors-disciplinarios_2023_Major-Major-en-INGENIERIA-DE-SOFTWARE-1495x1536-1-997x1024.jpg\" class=\"attachment-large size-large wp-image-2123\" alt=\"\" srcset=\"https:\/\/dcc.ing.uc.cl\/wp-content\/uploads\/2024\/05\/Majors-disciplinarios_2023_Major-Major-en-INGENIERIA-DE-SOFTWARE-1495x1536-1-997x1024.jpg 997w, https:\/\/dcc.ing.uc.cl\/wp-content\/uploads\/2024\/05\/Majors-disciplinarios_2023_Major-Major-en-INGENIERIA-DE-SOFTWARE-1495x1536-1-292x300.jpg 292w, https:\/\/dcc.ing.uc.cl\/wp-content\/uploads\/2024\/05\/Majors-disciplinarios_2023_Major-Major-en-INGENIERIA-DE-SOFTWARE-1495x1536-1-768x789.jpg 768w, https:\/\/dcc.ing.uc.cl\/wp-content\/uploads\/2024\/05\/Majors-disciplinarios_2023_Major-Major-en-INGENIERIA-DE-SOFTWARE-1495x1536-1.jpg 1495w\" sizes=\"(max-width: 997px) 100vw, 997px\" \/>\t\t\t\t\t\t\t\t\t\t\t\t\t\t\t<\/div>\n\t\t\t\t<\/div>\n\t\t\t\t\t<\/div>\n\t\t<\/div>\n\t\t\t\t\t<\/div>\n\t\t<\/section>\n\t\t\t\t<\/div>\n\t\t","protected":false},"excerpt":{"rendered":"<p>Major Ingenier\u00eda Software Este Major desarrolla la capacidad de disen\u0303ar, construir e implementar aplicaciones y sistemas de software innovadores para solucionar problemas complejos de la industria. El Major busca posicionar a sus graduados como protagonistas de los ma\u0301s importantes desafi\u0301os del siglo XXI, tales como redes sociales, salud, educacio\u0301n, urbanismo, robo\u0301tica, astronomi\u0301a, redes de empresas, finanzas, marketing, optimizacio\u0301n y muchos otros. En todos estos a\u0301mbitos la componente de software, se ha convertido en fundamental y, muchas veces, en la u\u0301nica posibilitadora de grandes avances y soluciones radicales. La so\u0301lida formacio\u0301n que este programa entrega a sus estudiantes, los habilita como investigadores, desarrolladores o gestores de proyectos en los \u00e1mbitos del dise\u00f1o, producci\u00f3n y operaci\u00f3n de software, capaces de aportar e innovar en diversas a\u0301reas. Los Licenciados en Ciencias de la Ingenieri\u0301a con Major en Ingenieri\u0301a de Software estara\u0301n capacitados para modelar problemas complejos y disen\u0303ar e implementar sistemas, componentes y aplicaciones de software, lo que les permitira\u0301 desempen\u0303arse en diversos campos industriales y de investigacio\u0301n.<\/p>\n","protected":false},"author":5,"featured_media":0,"parent":2143,"menu_order":0,"comment_status":"closed","ping_status":"closed","template":"","meta":{"site-sidebar-layout":"no-sidebar","site-content-layout":"page-builder","ast-site-content-layout":"full-width-container","site-content-style":"default","site-sidebar-style":"default","ast-global-header-display":"","ast-banner-title-visibility":"","ast-main-header-display":"","ast-hfb-above-header-display":"","ast-hfb-below-header-display":"","ast-hfb-mobile-header-display":"","site-post-title":"disabled","ast-breadcrumbs-content":"","ast-featured-img":"disabled","footer-sml-layout":"","ast-disable-related-posts":"","theme-transparent-header-meta":"","adv-header-id-meta":"","stick-header-meta":"","header-above-stick-meta":"","header-main-stick-meta":"","header-below-stick-meta":"","astra-migrate-meta-layouts":"set","ast-page-background-enabled":"default","ast-page-background-meta":{"desktop":{"background-color":"","background-image":"","background-repeat":"repeat","background-position":"center center","background-size":"auto","background-attachment":"scroll","background-type":"","background-media":"","overlay-type":"","overlay-color":"","overlay-opacity":"","overlay-gradient":""},"tablet":{"background-color":"","background-image":"","background-repeat":"repeat","background-position":"center center","background-size":"auto","background-attachment":"scroll","background-type":"","background-media":"","overlay-type":"","overlay-color":"","overlay-opacity":"","overlay-gradient":""},"mobile":{"background-color":"","background-image":"","background-repeat":"repeat","background-position":"center center","background-size":"auto","background-attachment":"scroll","background-type":"","background-media":"","overlay-type":"","overlay-color":"","overlay-opacity":"","overlay-gradient":""}},"ast-content-background-meta":{"desktop":{"background-color":"var(--ast-global-color-5)","background-image":"","background-repeat":"repeat","background-position":"center center","background-size":"auto","background-attachment":"scroll","background-type":"","background-media":"","overlay-type":"","overlay-color":"","overlay-opacity":"","overlay-gradient":""},"tablet":{"background-color":"var(--ast-global-color-5)","background-image":"","background-repeat":"repeat","background-position":"center center","background-size":"auto","background-attachment":"scroll","background-type":"","background-media":"","overlay-type":"","overlay-color":"","overlay-opacity":"","overlay-gradient":""},"mobile":{"background-color":"var(--ast-global-color-5)","background-image":"","background-repeat":"repeat","background-position":"center center","background-size":"auto","background-attachment":"scroll","background-type":"","background-media":"","overlay-type":"","overlay-color":"","overlay-opacity":"","overlay-gradient":""}},"footnotes":""},"class_list":["post-2147","page","type-page","status-publish","hentry"],"yoast_head":"<!-- This site is optimized with the Yoast SEO plugin v27.6 - https:\/\/yoast.com\/product\/yoast-seo-wordpress\/ -->\n<title>Major Ingenier\u00eda Software - Departamento de Ciencia de la Computaci\u00f3n<\/title>\n<meta name=\"robots\" content=\"index, follow, max-snippet:-1, max-image-preview:large, max-video-preview:-1\" \/>\n<link rel=\"canonical\" href=\"https:\/\/dcc.ing.uc.cl\/?page_id=2147\" \/>\n<meta property=\"og:locale\" content=\"es_ES\" \/>\n<meta property=\"og:type\" content=\"article\" \/>\n<meta property=\"og:title\" content=\"Major Ingenier\u00eda Software - Departamento de Ciencia de la Computaci\u00f3n\" \/>\n<meta property=\"og:description\" content=\"Major Ingenier\u00eda Software Este Major desarrolla la capacidad de disen\u0303ar, construir e implementar aplicaciones y sistemas de software innovadores para solucionar problemas complejos de la industria. El Major busca posicionar a sus graduados como protagonistas de los ma\u0301s importantes desafi\u0301os del siglo XXI, tales como redes sociales, salud, educacio\u0301n, urbanismo, robo\u0301tica, astronomi\u0301a, redes de empresas, finanzas, marketing, optimizacio\u0301n y muchos otros. En todos estos a\u0301mbitos la componente de software, se ha convertido en fundamental y, muchas veces, en la u\u0301nica posibilitadora de grandes avances y soluciones radicales. La so\u0301lida formacio\u0301n que este programa entrega a sus estudiantes, los habilita como investigadores, desarrolladores o gestores de proyectos en los \u00e1mbitos del dise\u00f1o, producci\u00f3n y operaci\u00f3n de software, capaces de aportar e innovar en diversas a\u0301reas. Los Licenciados en Ciencias de la Ingenieri\u0301a con Major en Ingenieri\u0301a de Software estara\u0301n capacitados para modelar problemas complejos y disen\u0303ar e implementar sistemas, componentes y aplicaciones de software, lo que les permitira\u0301 desempen\u0303arse en diversos campos industriales y de investigacio\u0301n.\" \/>\n<meta property=\"og:url\" content=\"https:\/\/dcc.ing.uc.cl\/?page_id=2147\" \/>\n<meta property=\"og:site_name\" content=\"Departamento de Ciencia de la Computaci\u00f3n\" \/>\n<meta property=\"article:modified_time\" content=\"2024-05-27T16:33:53+00:00\" \/>\n<meta property=\"og:image\" content=\"https:\/\/dcc.ing.uc.cl\/wp-content\/uploads\/2024\/05\/Majors-disciplinarios_2023_Major-Major-en-INGENIERIA-DE-SOFTWARE-1495x1536-1-997x1024.jpg\" \/>\n<meta name=\"twitter:card\" content=\"summary_large_image\" \/>\n<meta name=\"twitter:label1\" content=\"Tiempo estimado de lectura\" \/>\n\t<meta name=\"twitter:data1\" content=\"1 minuto\" \/>\n<script type=\"application\/ld+json\" class=\"yoast-schema-graph\">{\"@context\":\"https:\\\/\\\/schema.org\",\"@graph\":[{\"@type\":\"WebPage\",\"@id\":\"https:\\\/\\\/dcc.ing.uc.cl\\\/?page_id=2147\",\"url\":\"https:\\\/\\\/dcc.ing.uc.cl\\\/?page_id=2147\",\"name\":\"Major Ingenier\u00eda Software - Departamento de Ciencia de la Computaci\u00f3n\",\"isPartOf\":{\"@id\":\"https:\\\/\\\/dcc.ing.uc.cl\\\/#website\"},\"primaryImageOfPage\":{\"@id\":\"https:\\\/\\\/dcc.ing.uc.cl\\\/?page_id=2147#primaryimage\"},\"image\":{\"@id\":\"https:\\\/\\\/dcc.ing.uc.cl\\\/?page_id=2147#primaryimage\"},\"thumbnailUrl\":\"https:\\\/\\\/dcc.ing.uc.cl\\\/wp-content\\\/uploads\\\/2024\\\/05\\\/Majors-disciplinarios_2023_Major-Major-en-INGENIERIA-DE-SOFTWARE-1495x1536-1-997x1024.jpg\",\"datePublished\":\"2024-05-23T16:56:16+00:00\",\"dateModified\":\"2024-05-27T16:33:53+00:00\",\"breadcrumb\":{\"@id\":\"https:\\\/\\\/dcc.ing.uc.cl\\\/?page_id=2147#breadcrumb\"},\"inLanguage\":\"es-CL\",\"potentialAction\":[{\"@type\":\"ReadAction\",\"target\":[\"https:\\\/\\\/dcc.ing.uc.cl\\\/?page_id=2147\"]}]},{\"@type\":\"ImageObject\",\"inLanguage\":\"es-CL\",\"@id\":\"https:\\\/\\\/dcc.ing.uc.cl\\\/?page_id=2147#primaryimage\",\"url\":\"https:\\\/\\\/dcc.ing.uc.cl\\\/wp-content\\\/uploads\\\/2024\\\/05\\\/Majors-disciplinarios_2023_Major-Major-en-INGENIERIA-DE-SOFTWARE-1495x1536-1.jpg\",\"contentUrl\":\"https:\\\/\\\/dcc.ing.uc.cl\\\/wp-content\\\/uploads\\\/2024\\\/05\\\/Majors-disciplinarios_2023_Major-Major-en-INGENIERIA-DE-SOFTWARE-1495x1536-1.jpg\",\"width\":1495,\"height\":1536},{\"@type\":\"BreadcrumbList\",\"@id\":\"https:\\\/\\\/dcc.ing.uc.cl\\\/?page_id=2147#breadcrumb\",\"itemListElement\":[{\"@type\":\"ListItem\",\"position\":1,\"name\":\"Portada\",\"item\":\"https:\\\/\\\/dcc.ing.uc.cl\\\/\"},{\"@type\":\"ListItem\",\"position\":2,\"name\":\"Pregrado\",\"item\":\"https:\\\/\\\/dcc.ing.uc.cl\\\/?page_id=1526\"},{\"@type\":\"ListItem\",\"position\":3,\"name\":\"Licenciatura en Ciencias de la Ingenier\u00eda\",\"item\":\"https:\\\/\\\/dcc.ing.uc.cl\\\/?page_id=2143\"},{\"@type\":\"ListItem\",\"position\":4,\"name\":\"Major Ingenier\u00eda Software\"}]},{\"@type\":\"WebSite\",\"@id\":\"https:\\\/\\\/dcc.ing.uc.cl\\\/#website\",\"url\":\"https:\\\/\\\/dcc.ing.uc.cl\\\/\",\"name\":\"Departamento de Ciencia de la Computaci\u00f3n\",\"description\":\"Escuela de Ingenier\u00eda\",\"publisher\":{\"@id\":\"https:\\\/\\\/dcc.ing.uc.cl\\\/#organization\"},\"potentialAction\":[{\"@type\":\"SearchAction\",\"target\":{\"@type\":\"EntryPoint\",\"urlTemplate\":\"https:\\\/\\\/dcc.ing.uc.cl\\\/?s={search_term_string}\"},\"query-input\":{\"@type\":\"PropertyValueSpecification\",\"valueRequired\":true,\"valueName\":\"search_term_string\"}}],\"inLanguage\":\"es-CL\"},{\"@type\":\"Organization\",\"@id\":\"https:\\\/\\\/dcc.ing.uc.cl\\\/#organization\",\"name\":\"Departamento de Ciencia de la Computaci\u00f3n\",\"url\":\"https:\\\/\\\/dcc.ing.uc.cl\\\/\",\"logo\":{\"@type\":\"ImageObject\",\"inLanguage\":\"es-CL\",\"@id\":\"https:\\\/\\\/dcc.ing.uc.cl\\\/#\\\/schema\\\/logo\\\/image\\\/\",\"url\":\"https:\\\/\\\/dcc.ing.uc.cl\\\/wp-content\\\/uploads\\\/2023\\\/11\\\/cropped-UC-P2727-01.png\",\"contentUrl\":\"https:\\\/\\\/dcc.ing.uc.cl\\\/wp-content\\\/uploads\\\/2023\\\/11\\\/cropped-UC-P2727-01.png\",\"width\":307,\"height\":414,\"caption\":\"Departamento de Ciencia de la Computaci\u00f3n\"},\"image\":{\"@id\":\"https:\\\/\\\/dcc.ing.uc.cl\\\/#\\\/schema\\\/logo\\\/image\\\/\"}}]}<\/script>\n<!-- \/ Yoast SEO plugin. -->","yoast_head_json":{"title":"Major Ingenier\u00eda Software - Departamento de Ciencia de la Computaci\u00f3n","robots":{"index":"index","follow":"follow","max-snippet":"max-snippet:-1","max-image-preview":"max-image-preview:large","max-video-preview":"max-video-preview:-1"},"canonical":"https:\/\/dcc.ing.uc.cl\/?page_id=2147","og_locale":"es_ES","og_type":"article","og_title":"Major Ingenier\u00eda Software - Departamento de Ciencia de la Computaci\u00f3n","og_description":"Major Ingenier\u00eda Software Este Major desarrolla la capacidad de disen\u0303ar, construir e implementar aplicaciones y sistemas de software innovadores para solucionar problemas complejos de la industria. El Major busca posicionar a sus graduados como protagonistas de los ma\u0301s importantes desafi\u0301os del siglo XXI, tales como redes sociales, salud, educacio\u0301n, urbanismo, robo\u0301tica, astronomi\u0301a, redes de empresas, finanzas, marketing, optimizacio\u0301n y muchos otros. En todos estos a\u0301mbitos la componente de software, se ha convertido en fundamental y, muchas veces, en la u\u0301nica posibilitadora de grandes avances y soluciones radicales. La so\u0301lida formacio\u0301n que este programa entrega a sus estudiantes, los habilita como investigadores, desarrolladores o gestores de proyectos en los \u00e1mbitos del dise\u00f1o, producci\u00f3n y operaci\u00f3n de software, capaces de aportar e innovar en diversas a\u0301reas. Los Licenciados en Ciencias de la Ingenieri\u0301a con Major en Ingenieri\u0301a de Software estara\u0301n capacitados para modelar problemas complejos y disen\u0303ar e implementar sistemas, componentes y aplicaciones de software, lo que les permitira\u0301 desempen\u0303arse en diversos campos industriales y de investigacio\u0301n.","og_url":"https:\/\/dcc.ing.uc.cl\/?page_id=2147","og_site_name":"Departamento de Ciencia de la Computaci\u00f3n","article_modified_time":"2024-05-27T16:33:53+00:00","og_image":[{"url":"https:\/\/dcc.ing.uc.cl\/wp-content\/uploads\/2024\/05\/Majors-disciplinarios_2023_Major-Major-en-INGENIERIA-DE-SOFTWARE-1495x1536-1-997x1024.jpg","type":"","width":"","height":""}],"twitter_card":"summary_large_image","twitter_misc":{"Tiempo estimado de lectura":"1 minuto"},"schema":{"@context":"https:\/\/schema.org","@graph":[{"@type":"WebPage","@id":"https:\/\/dcc.ing.uc.cl\/?page_id=2147","url":"https:\/\/dcc.ing.uc.cl\/?page_id=2147","name":"Major Ingenier\u00eda Software - Departamento de Ciencia de la Computaci\u00f3n","isPartOf":{"@id":"https:\/\/dcc.ing.uc.cl\/#website"},"primaryImageOfPage":{"@id":"https:\/\/dcc.ing.uc.cl\/?page_id=2147#primaryimage"},"image":{"@id":"https:\/\/dcc.ing.uc.cl\/?page_id=2147#primaryimage"},"thumbnailUrl":"https:\/\/dcc.ing.uc.cl\/wp-content\/uploads\/2024\/05\/Majors-disciplinarios_2023_Major-Major-en-INGENIERIA-DE-SOFTWARE-1495x1536-1-997x1024.jpg","datePublished":"2024-05-23T16:56:16+00:00","dateModified":"2024-05-27T16:33:53+00:00","breadcrumb":{"@id":"https:\/\/dcc.ing.uc.cl\/?page_id=2147#breadcrumb"},"inLanguage":"es-CL","potentialAction":[{"@type":"ReadAction","target":["https:\/\/dcc.ing.uc.cl\/?page_id=2147"]}]},{"@type":"ImageObject","inLanguage":"es-CL","@id":"https:\/\/dcc.ing.uc.cl\/?page_id=2147#primaryimage","url":"https:\/\/dcc.ing.uc.cl\/wp-content\/uploads\/2024\/05\/Majors-disciplinarios_2023_Major-Major-en-INGENIERIA-DE-SOFTWARE-1495x1536-1.jpg","contentUrl":"https:\/\/dcc.ing.uc.cl\/wp-content\/uploads\/2024\/05\/Majors-disciplinarios_2023_Major-Major-en-INGENIERIA-DE-SOFTWARE-1495x1536-1.jpg","width":1495,"height":1536},{"@type":"BreadcrumbList","@id":"https:\/\/dcc.ing.uc.cl\/?page_id=2147#breadcrumb","itemListElement":[{"@type":"ListItem","position":1,"name":"Portada","item":"https:\/\/dcc.ing.uc.cl\/"},{"@type":"ListItem","position":2,"name":"Pregrado","item":"https:\/\/dcc.ing.uc.cl\/?page_id=1526"},{"@type":"ListItem","position":3,"name":"Licenciatura en Ciencias de la Ingenier\u00eda","item":"https:\/\/dcc.ing.uc.cl\/?page_id=2143"},{"@type":"ListItem","position":4,"name":"Major Ingenier\u00eda Software"}]},{"@type":"WebSite","@id":"https:\/\/dcc.ing.uc.cl\/#website","url":"https:\/\/dcc.ing.uc.cl\/","name":"Departamento de Ciencia de la Computaci\u00f3n","description":"Escuela de Ingenier\u00eda","publisher":{"@id":"https:\/\/dcc.ing.uc.cl\/#organization"},"potentialAction":[{"@type":"SearchAction","target":{"@type":"EntryPoint","urlTemplate":"https:\/\/dcc.ing.uc.cl\/?s={search_term_string}"},"query-input":{"@type":"PropertyValueSpecification","valueRequired":true,"valueName":"search_term_string"}}],"inLanguage":"es-CL"},{"@type":"Organization","@id":"https:\/\/dcc.ing.uc.cl\/#organization","name":"Departamento de Ciencia de la Computaci\u00f3n","url":"https:\/\/dcc.ing.uc.cl\/","logo":{"@type":"ImageObject","inLanguage":"es-CL","@id":"https:\/\/dcc.ing.uc.cl\/#\/schema\/logo\/image\/","url":"https:\/\/dcc.ing.uc.cl\/wp-content\/uploads\/2023\/11\/cropped-UC-P2727-01.png","contentUrl":"https:\/\/dcc.ing.uc.cl\/wp-content\/uploads\/2023\/11\/cropped-UC-P2727-01.png","width":307,"height":414,"caption":"Departamento de Ciencia de la Computaci\u00f3n"},"image":{"@id":"https:\/\/dcc.ing.uc.cl\/#\/schema\/logo\/image\/"}}]}},"rttpg_featured_image_url":null,"rttpg_author":{"display_name":"Pipe Aliaga","author_link":"https:\/\/dcc.ing.uc.cl\/?author=5"},"rttpg_comment":0,"rttpg_category":null,"rttpg_excerpt":"Major Ingenier\u00eda Software Este Major desarrolla la capacidad de disen\u0303ar, construir e implementar aplicaciones y sistemas de software innovadores para solucionar problemas complejos de la industria. El Major busca posicionar a sus graduados como protagonistas de los ma\u0301s importantes desafi\u0301os del siglo XXI, tales como redes sociales, salud, educacio\u0301n, urbanismo, robo\u0301tica, astronomi\u0301a, redes de empresas,&hellip;","_links":{"self":[{"href":"https:\/\/dcc.ing.uc.cl\/index.php?rest_route=\/wp\/v2\/pages\/2147","targetHints":{"allow":["GET"]}}],"collection":[{"href":"https:\/\/dcc.ing.uc.cl\/index.php?rest_route=\/wp\/v2\/pages"}],"about":[{"href":"https:\/\/dcc.ing.uc.cl\/index.php?rest_route=\/wp\/v2\/types\/page"}],"author":[{"embeddable":true,"href":"https:\/\/dcc.ing.uc.cl\/index.php?rest_route=\/wp\/v2\/users\/5"}],"replies":[{"embeddable":true,"href":"https:\/\/dcc.ing.uc.cl\/index.php?rest_route=%2Fwp%2Fv2%2Fcomments&post=2147"}],"version-history":[{"count":4,"href":"https:\/\/dcc.ing.uc.cl\/index.php?rest_route=\/wp\/v2\/pages\/2147\/revisions"}],"predecessor-version":[{"id":2176,"href":"https:\/\/dcc.ing.uc.cl\/index.php?rest_route=\/wp\/v2\/pages\/2147\/revisions\/2176"}],"up":[{"embeddable":true,"href":"https:\/\/dcc.ing.uc.cl\/index.php?rest_route=\/wp\/v2\/pages\/2143"}],"wp:attachment":[{"href":"https:\/\/dcc.ing.uc.cl\/index.php?rest_route=%2Fwp%2Fv2%2Fmedia&parent=2147"}],"curies":[{"name":"wp","href":"https:\/\/api.w.org\/{rel}","templated":true}]}}